{"id":6737,"date":"2024-10-11T10:10:54","date_gmt":"2024-10-11T08:10:54","guid":{"rendered":"https:\/\/www.benouaiche.com\/accueil\/"},"modified":"2025-04-15T17:55:42","modified_gmt":"2025-04-15T15:55:42","slug":"accueil","status":"publish","type":"page","link":"https:\/\/www.benouaiche.com\/en\/","title":{"rendered":"Dr Benouaiche, plastic surgeon in Paris and Antony"},"content":{"rendered":"<section class=\"wpb-content-wrapper\"><p>[vc_section el_class=&#8221;home__hero&#8221;][vc_row full_width=&#8221;stretch_row_content_no_spaces&#8221;][vc_column][vc_single_image image=&#8221;4970&#8243; img_size=&#8221;full&#8221;][\/vc_column][\/vc_row][vc_row full_width=&#8221;stretch_row_content_no_spaces&#8221; el_class=&#8221;no-extras&#8221;][vc_column][vc_column_text]<\/p>\n<h1><strong>Dr Laurence <strong>Benouaiche<\/strong><\/strong> <strong>Plastic and Aesthetic Surgery in Paris<\/strong><\/h1>\n<p>For adults and children[\/vc_column_text][vc_column_text]I am a plastic and aesthetic surgeon in Paris. My practice is located on rue de Solf\u00e9rino, at the Clinique de la Muette and at the H\u00f4pital priv\u00e9 d&#8217;Antony. I operate on young children with congenital malformations (cleft lip and palate, giant nevi) at the Rothschild Foundation Hospital.<br \/>\n[\/vc_column_text][vc_column_text]I&#8217;m a recognized expert in aesthetic medical care, and perform all types of aesthetic surgery for beautification and rejuvenation of the adult face and body. I train colleagues and share my expertise at international conferences.<br \/>\n[\/vc_column_text][vc_column_text]I have always combined basic research with surgery to achieve optimal reconstruction of facial deformities in children.[\/vc_column_text][vc_column_text]At the cutting edge of research and innovation, my practice uses the most advanced equipment to serve patients.[\/vc_column_text][vc_column_text el_class=&#8221;home__hero&#8211;buttons&#8221;]<a title=\"About Dr Benouaiche\" href=\"https:\/\/www.benouaiche.com\/dr-benouaiche\/presentation\/\"><strong>Presentation<\/strong><\/a><\/p>\n<p><a title=\"Consultancy in Paris\" href=\"https:\/\/www.benouaiche.com\/dr-benouaiche\/cabinet-medical-rue-de-solferino-paris-7e\/\"><strong>Medical practice<\/strong><\/a>[\/vc_column_text][\/vc_column][\/vc_row][\/vc_section][vc_row el_class=&#8221;home__scroll&#8221;][vc_column][vc_raw_html]PGRpdiBjbGFzcz0iYXJyb3cgYXJyb3ctZmlyc3QiPjwvZGl2Pgo8ZGl2IGNsYXNzPSJhcnJvdyBhcnJvdy1zZWNvbmQiPjwvZGl2Pg==[\/vc_raw_html][\/vc_column][\/vc_row][vc_section el_class=&#8221;no-extras container-fluid&#8221;][vc_row full_width=&#8221;stretch_row_content_no_spaces&#8221;][vc_column][vc_raw_html]W2Nhcm91c2VsIGNsYXNzX25hbWU9ImhvbWVfX2Nhcm91c2VsIl0=[\/vc_raw_html][vc_row_inner disable_element=&#8221;yes&#8221; el_class=&#8221;home__carousel&#8211;slider&#8221;][vc_column_inner el_class=&#8221;home__carousel&#8211;slider__text&#8221; width=&#8221;5\/12&#8243;][vc_column_text]<\/p>\n<h2>2025 !<\/h2>\n<p style=\"text-align: right; padding-bottom: 20px;\">For this new year, we are pleased to introduce our new team: Ma\u00eblie, \u00c9milie and L\u00e9a. Thanking you for your confidence, I wish you a very happy new year 2025.<\/p>\n<p>[\/vc_column_text][\/vc_column_inner][vc_column_inner el_class=&#8221;home__carousel&#8211;slider__image&#8221; width=&#8221;7\/12&#8243;][vc_single_image image=&#8221;8023&#8243; img_size=&#8221;full&#8221; el_class=&#8221;skip-lazy&#8221;][\/vc_column_inner][\/vc_row_inner][vc_row_inner el_class=&#8221;home__carousel&#8211;slider&#8221;][vc_column_inner el_class=&#8221;home__carousel&#8211;slider__text&#8221; width=&#8221;5\/12&#8243;][vc_column_text]<\/p>\n<h2>Cosmetic surgery<\/h2>\n<p>Cosmetic surgery is highly varied and can be applied to the face as well as the body. Plastic surgery must remain the surgery of happiness for women and men alike![\/vc_column_text][vc_column_text el_class=&#8221;btn btn-outline btn__secondary&#8221;]<a title=\"Aesthetic and plastic surgery\" href=\"https:\/\/www.benouaiche.com\/en\/cosmetic-surgery\/\"><strong>Plastic surgery<\/strong><\/a>[\/vc_column_text][\/vc_column_inner][vc_column_inner el_class=&#8221;home__carousel&#8211;slider__image&#8221; width=&#8221;7\/12&#8243;][vc_single_image image=&#8221;3669&#8243; img_size=&#8221;full&#8221; el_class=&#8221;skip-lazy&#8221;][\/vc_column_inner][\/vc_row_inner][vc_row_inner el_class=&#8221;home__carousel&#8211;slider&#8221;][vc_column_inner el_class=&#8221;home__carousel&#8211;slider__text&#8221; width=&#8221;5\/12&#8243;][vc_column_text]<\/p>\n<h2>Aesthetic medicine<\/h2>\n<p>My knowledge of skin, facial structure and the human body enables me to offer real anti-aging solutions without surgery to my patients of all ages, men and women alike.[\/vc_column_text][vc_column_text el_class=&#8221;btn btn-outline btn__secondary&#8221;]<a title=\"Aesthetic medicine\" href=\"https:\/\/www.benouaiche.com\/en\/aesthetic-medicine\/\"><strong>Anti-aging medicine<\/strong><\/a>[\/vc_column_text][\/vc_column_inner][vc_column_inner el_class=&#8221;home__carousel&#8211;slider__image&#8221; width=&#8221;7\/12&#8243;][vc_single_image image=&#8221;3670&#8243; img_size=&#8221;full&#8221; el_class=&#8221;skip-lazy&#8221;][\/vc_column_inner][\/vc_row_inner][vc_row_inner el_class=&#8221;home__carousel&#8211;slider&#8221;][vc_column_inner el_class=&#8221;home__carousel&#8211;slider__text&#8221; width=&#8221;5\/12&#8243;][vc_column_text]<\/p>\n<h2>Reconstructive surgery<\/h2>\n<p>I&#8217;m a recognized expert in three particular areas: cleft lip and palate surgery, congenital giant nevi and protruding ears. Everything has to be simple, for children and parents alike.[\/vc_column_text][vc_column_text el_class=&#8221;btn btn-outline btn__secondary&#8221;]<a title=\"Reconstructive surgery\" href=\"https:\/\/www.benouaiche.com\/chirurgie-reconstructrice-a-paris\/\"><strong>Pediatric surgery<\/strong><\/a>[\/vc_column_text][\/vc_column_inner][vc_column_inner el_class=&#8221;home__carousel&#8211;slider__image&#8221; width=&#8221;7\/12&#8243;][vc_single_image image=&#8221;3671&#8243; img_size=&#8221;full&#8221; el_class=&#8221;skip-lazy&#8221;][\/vc_column_inner][\/vc_row_inner][vc_raw_html]W2Nhcm91c2VsZW5kXQ==[\/vc_raw_html][\/vc_column][\/vc_row][\/vc_section][vc_section el_class=&#8221;no-extras home__first-blocks-row&#8221;][vc_row full_width=&#8221;stretch_row_content&#8221;][vc_column][vc_column_text el_class=&#8221;home__heading&#8221;]<\/p>\n<h2>Surgery &amp; Aesthetic Medicine<\/h2>\n<p>A wide variety of surgical and medical aesthetic techniques are available for both the face and the body &#8211; Men and Women[\/vc_column_text][\/vc_column][\/vc_row][vc_row full_width=&#8221;stretch_row_content_no_spaces&#8221; el_class=&#8221;blocks-container&#8221;][vc_column][vc_row_inner el_class=&#8221;block-container&#8221;][vc_column_inner][vc_single_image image=&#8221;3682&#8243; img_size=&#8221;full&#8221;][vc_column_text el_class=&#8221;block-container__text&#8221;]Breasts play an important role in a woman&#8217;s equilibrium.[\/vc_column_text][vc_column_text el_class=&#8221;block-container__title&#8221;]<a title=\"Breast surgery\" href=\"https:\/\/www.benouaiche.com\/chirurgie-esthetique\/chirurgie-mammaire\/augmentation-mammaire\/\">Breast augmentation<\/a>[\/vc_column_text][\/vc_column_inner][\/vc_row_inner][vc_row_inner el_class=&#8221;block-container&#8221;][vc_column_inner][vc_single_image image=&#8221;3683&#8243; img_size=&#8221;full&#8221;][vc_column_text el_class=&#8221;block-container__text&#8221;]Eyelid surgery gives the eyes a more relaxed, rested appearance.[\/vc_column_text][vc_column_text el_class=&#8221;block-container__title&#8221;]<a title=\"Eyelid surgery\" href=\"https:\/\/www.benouaiche.com\/en\/cosmetic-surgery\/blepharoplasty\/\">Blepharoplasty<\/a>[\/vc_column_text][\/vc_column_inner][\/vc_row_inner][vc_row_inner el_class=&#8221;block-container&#8221;][vc_column_inner][vc_single_image image=&#8221;3684&#8243; img_size=&#8221;full&#8221;][vc_column_text el_class=&#8221;block-container__text&#8221;]This technique visibly reduces sagging in the main facial areas.[\/vc_column_text][vc_column_text el_class=&#8221;block-container__title&#8221;]<a title=\"Facial aesthetic medicine\" href=\"https:\/\/www.benouaiche.com\/en\/aesthetic-medicine\/tensor-threads\/\">Tensor threads<\/a>[\/vc_column_text][\/vc_column_inner][\/vc_row_inner][vc_row_inner el_class=&#8221;block-container&#8221;][vc_column_inner][vc_single_image image=&#8221;3685&#8243; img_size=&#8221;full&#8221;][vc_column_text el_class=&#8221;block-container__text&#8221;]Smooth forehead wrinkles, enlarge and refresh the eyes, with a very natural result.[\/vc_column_text][vc_column_text el_class=&#8221;block-container__title&#8221;]<a title=\"Botulinum toxin injections\" href=\"https:\/\/www.benouaiche.com\/en\/aesthetic-medicine\/botox\/\">Botox injections<\/a>[\/vc_column_text][\/vc_column_inner][\/vc_row_inner][vc_row_inner el_class=&#8221;block-container&#8221;][vc_column_inner][vc_single_image image=&#8221;3686&#8243; img_size=&#8221;full&#8221;][vc_column_text el_class=&#8221;block-container__text&#8221;]Or how to correct fatty deposits to refine your figure&#8230;[\/vc_column_text][vc_column_text el_class=&#8221;block-container__title&#8221;]<a title=\"Body contouring surgery\" href=\"https:\/\/www.benouaiche.com\/en\/cosmetic-surgery\/liposuction\/\">Lipoaspiration<\/a>[\/vc_column_text][\/vc_column_inner][\/vc_row_inner][\/vc_column][\/vc_row][\/vc_section][vc_section el_class=&#8221;no-extras home__second-blocks-row&#8221;][vc_row full_width=&#8221;stretch_row_content&#8221;][vc_column][vc_column_text el_class=&#8221;home__heading&#8221;]<\/p>\n<h2>Pediatric surgery<\/h2>\n<p>Reconstructive and plastic surgery for infants, children and adolescents.[\/vc_column_text][\/vc_column][\/vc_row][vc_row full_width=&#8221;stretch_row_content_no_spaces&#8221; el_class=&#8221;blocks-container&#8221;][vc_column][vc_row_inner el_class=&#8221;block-container&#8221;][vc_column_inner][vc_single_image image=&#8221;3672&#8243; img_size=&#8221;full&#8221;][vc_column_text el_class=&#8221;block-container__text&#8221;]Cleft lip and palate or cleft lip and lip is a frequent congenital morphological defect.[\/vc_column_text][vc_column_text el_class=&#8221;block-container__title&#8221;]<a title=\"Lip and palate surgery\" href=\"https:\/\/www.benouaiche.com\/chirurgie-reconstructrice-a-paris\/fente-labio-palatine\/\">Cleft lip and palate<\/a>[\/vc_column_text][\/vc_column_inner][\/vc_row_inner][vc_row_inner el_class=&#8221;block-container&#8221;][vc_column_inner][vc_single_image image=&#8221;3673&#8243; img_size=&#8221;full&#8221;][vc_column_text el_class=&#8221;block-container__text&#8221;]After surgical removal of a nevus or mole, the loss of substance must be covered. There are several techniques&#8230;[\/vc_column_text][vc_column_text el_class=&#8221;block-container__title&#8221;]<a title=\"Nevus: surgical removal\" href=\"https:\/\/www.benouaiche.com\/chirurgie-reconstructrice-a-paris\/naevus\/\">Congenital nevus<\/a>[\/vc_column_text][\/vc_column_inner][\/vc_row_inner][vc_row_inner el_class=&#8221;block-container&#8221;][vc_column_inner][vc_single_image image=&#8221;3674&#8243; img_size=&#8221;full&#8221;][vc_column_text el_class=&#8221;block-container__text&#8221;]Otoplasty is a surgical procedure that can be performed on adults from the age of 6.[\/vc_column_text][vc_column_text el_class=&#8221;block-container__title&#8221;]<a title=\"Surgery for protruding ears\" href=\"https:\/\/www.benouaiche.com\/en\/cosmetic-surgery\/otoplasty\/\">Detached ears<\/a>[\/vc_column_text][\/vc_column_inner][\/vc_row_inner][\/vc_column][\/vc_row][vc_row][vc_column][vc_separator color=&#8221;white&#8221; el_id=&#8221;actu&#8221; css=&#8221;.vc_custom_1676916159441{margin-top: 10px !important;}&#8221;][\/vc_column][\/vc_row][\/vc_section][vc_section el_class=&#8221;container home__posts-videos no-extras&#8221;][vc_row full_width=&#8221;stretch_row_content&#8221; disable_element=&#8221;yes&#8221;][vc_column][vc_column_text el_class=&#8221;home__heading&#8221;]<\/p>\n<h2>News in cosmetic medicine and surgery<\/h2>\n<p>A series of articles designed to supplement our information on topical subjects.[\/vc_column_text][\/vc_column][\/vc_row][vc_row full_width=&#8221;stretch_row_content_no_spaces&#8221; disable_element=&#8221;yes&#8221; el_class=&#8221;home__posts-videos__posts&#8221;][vc_column][vc_masonry_grid post_type=&#8221;page&#8221; max_items=&#8221;3&#8243; gap=&#8221;0&#8243; item=&#8221;5543&#8243; grid_id=&#8221;vc_gid:1744732485619-47ff7b80-6700-10&#8243;][\/vc_column][\/vc_row][vc_row full_width=&#8221;stretch_row_content_no_spaces&#8221; disable_element=&#8221;yes&#8221; el_class=&#8221;home__posts-videos__posts&#8221;][vc_column width=&#8221;1\/3&#8243;][vc_single_image image=&#8221;8002&#8243; img_size=&#8221;full&#8221; alignment=&#8221;center&#8221; css=&#8221;.vc_custom_1733763438941{margin-bottom: 20px !important;padding-top: 3px !important;padding-right: 3px !important;padding-bottom: 3px !important;padding-left: 3px !important;}&#8221;][vc_column_text]<\/p>\n<h3 style=\"text-align: center;\"><a href=\"https:\/\/www.benouaiche.com\/actualites\/protheses-mammaires\/\">Breast implants<\/a><\/h3>\n<p>[\/vc_column_text][\/vc_column][vc_column width=&#8221;1\/3&#8243;][vc_single_image image=&#8221;7802&#8243; img_size=&#8221;full&#8221; alignment=&#8221;center&#8221; css=&#8221;.vc_custom_1728660000748{margin-bottom: 20px !important;padding-top: 3px !important;padding-right: 3px !important;padding-bottom: 3px !important;padding-left: 3px !important;}&#8221;][vc_column_text]<\/p>\n<h3 style=\"text-align: center;\"><a href=\"https:\/\/www.benouaiche.com\/en\/cosmetic-surgery\/blepharoplasty\/\">Blepharoplasty, eyelid surgery<\/a><\/h3>\n<p>[\/vc_column_text][\/vc_column][vc_column width=&#8221;1\/3&#8243;][vc_single_image image=&#8221;7735&#8243; img_size=&#8221;full&#8221; alignment=&#8221;center&#8221; css=&#8221;.vc_custom_1728463976726{margin-bottom: 20px !important;}&#8221;][vc_column_text]<\/p>\n<h3 style=\"text-align: center;\"><a href=\"https:\/\/www.benouaiche.com\/en\/cosmetic-surgery\/liposuction\/\">Double chin liposuction<\/a><\/h3>\n<p>[\/vc_column_text][\/vc_column][\/vc_row][\/vc_section][vc_row disable_element=&#8221;yes&#8221; el_class=&#8221;home__tab&#8211;heading&#8221;][vc_column][vc_column_text el_class=&#8221;home__heading&#8221;]<\/p>\n<h2>Dr benouaiche&#8217;s media review<\/h2>\n<p>Find out more about Dr Benouaiche&#8217;s appearances in the press and on television, as well as his participation in scientific conferences.[\/vc_column_text][\/vc_column][\/vc_row][vc_section disable_element=&#8221;yes&#8221; el_class=&#8221;container-fluid home__tab no-extras&#8221;][vc_row full_width=&#8221;stretch_row_content_no_spaces&#8221;][vc_column][vc_single_image image=&#8221;2177&#8243; img_size=&#8221;full&#8221;][\/vc_column][\/vc_row][vc_row full_width=&#8221;stretch_row_content_no_spaces&#8221;][vc_column][vc_tta_tabs active_section=&#8221;1&#8243;][vc_tta_section title=&#8221;Television&#8221; tab_id=&#8221;1543339794556-f9d77da7-9b5d&#8221;][vc_column_text el_class=&#8221;home__tab&#8211;tab-header&#8221;]TF1, &#8220;Journal de 20 heures&#8221;<\/p>\n<p><a title=\"Health broadcasts\" href=\"https:\/\/www.benouaiche.com\/revue-des-medias\/television\/\">Television programs<\/a>[\/vc_column_text][vc_column_text el_class=&#8221;home__tab&#8211;tab-post&#8221;][\/vc_column_text][vc_column_text el_class=&#8221;home__tab&#8211;footer__responsive&#8221;]<a title=\"Health broadcasts\" href=\"https:\/\/www.benouaiche.com\/revue-des-medias\/television\/\">Television programs<\/a>[\/vc_column_text][\/vc_tta_section][vc_tta_section title=&#8221;Press&#8221; tab_id=&#8221;1543339794592-8b174292-503e&#8221;][vc_column_text el_class=&#8221;home__tab&#8211;tab-header&#8221;]ELLE, November 2020 special<\/p>\n<p><a title=\"Medical press review\" href=\"https:\/\/www.benouaiche.com\/revue-des-medias\/presse\/\">Press coverage<\/a>[\/vc_column_text][vc_column_text el_class=&#8221;home__tab&#8211;tab-post&#8221;][\/vc_column_text][vc_column_text el_class=&#8221;home__tab&#8211;footer__responsive&#8221;]<a title=\"Medical press review\" href=\"https:\/\/www.benouaiche.com\/revue-des-medias\/presse\/\">Press coverage<\/a>[\/vc_column_text][\/vc_tta_section][vc_tta_section title=&#8221;Conferences&#8221; tab_id=&#8221;1543339834735-45f8d2f0-e28d&#8221;][vc_column_text el_class=&#8221;home__tab&#8211;tab-header&#8221;]SFME\/AFME (Paris), September 2019<\/p>\n<p><a title=\"Surgeons' and physicians' conferences\" href=\"https:\/\/www.benouaiche.com\/revue-des-medias\/conferences\/\">All conferences<\/a>[\/vc_column_text][vc_column_text el_class=&#8221;home__tab&#8211;tab-post&#8221;][\/vc_column_text][vc_column_text el_class=&#8221;home__tab&#8211;footer__responsive&#8221;]<a title=\"Surgeons' and physicians' conferences\" href=\"https:\/\/www.benouaiche.com\/revue-des-medias\/conferences\/\">All conferences<\/a>[\/vc_column_text][\/vc_tta_section][\/vc_tta_tabs][\/vc_column][\/vc_row][\/vc_section][vc_section disable_element=&#8221;yes&#8221; el_class=&#8221;container home__posts-videos no-extras&#8221;][vc_row full_width=&#8221;stretch_row_content&#8221;][vc_column][vc_column_text el_class=&#8221;home__heading&#8221;]<\/p>\n<h2>Medical and surgical videos<\/h2>\n<p>Films designed to help you better understand how an operation or treatment session unfolds.[\/vc_column_text][\/vc_column][\/vc_row][vc_row full_width=&#8221;stretch_row_content_no_spaces&#8221; el_class=&#8221;home__posts-videos__posts&#8221;][vc_column][vc_column_text][\/vc_column_text][\/vc_column][\/vc_row][vc_row full_width=&#8221;stretch_row_content_no_spaces&#8221; el_class=&#8221;home__posts-videos__all-posts&#8221;][vc_column][vc_column_text]<a title=\"Medical videos\" href=\"https:\/\/www.benouaiche.com\/videos\/\">See all videos<\/a>[\/vc_column_text][\/vc_column][\/vc_row][\/vc_section][vc_section el_class=&#8221;container-fluid home__instagram no-extras&#8221;][vc_row full_width=&#8221;stretch_row_content_no_spaces&#8221;][vc_column width=&#8221;1\/4&#8243;][vc_column_text el_class=&#8221;home__instagram&#8211;text&#8221;]Instagram<\/p>\n<p>Follow Doctor Laurence Benouaiche<\/p>\n<p>Doctor Benouaiche shares her daily life and experience with us &#8230;Discover her world<\/p>\n<p><a title=\"Instagram\" href=\"https:\/\/www.instagram.com\/drlaurencebenouaiche\/\"><b>Follow<\/b><\/a>[\/vc_column_text][\/vc_column][vc_column width=&#8221;3\/4&#8243;][vc_raw_html]PHNjcmlwdCBzcmM9Imh0dHBzOi8vYXBwcy5lbGZzaWdodC5jb20vcC9wbGF0Zm9ybS5qcyIgZGVmZXI+PC9zY3JpcHQ+CjxkaXYgY2xhc3M9ImVsZnNpZ2h0LWFwcC0yNTdkZmU2NC1hNWUxLTRjM2YtYWViNC1jNWZmNTE0M2JlMWQiPjwvZGl2Pg==[\/vc_raw_html][\/vc_column][\/vc_row][\/vc_section]<\/p>\n<\/section>","protected":false},"excerpt":{"rendered":"<p>[vc_section el_class=&#8221;home__hero&#8221;][vc_row full_width=&#8221;stretch_row_content_no_spaces&#8221;][vc_column][vc_single_image image=&#8221;4970&#8243; img_size=&#8221;full&#8221;][\/vc_column][\/vc_row][vc_row full_width=&#8221;stretch_row_content_no_spaces&#8221; el_class=&#8221;no-extras&#8221;][vc_column][vc_column_text] Dr Laurence Benouaiche Plastic and Aesthetic Surgery in Paris For adults and children[\/vc_column_text][vc_column_text]I am a plastic and aesthetic surgeon in Paris. My practice is located on rue de Solf\u00e9rino, at the Clinique de la Muette and at the H\u00f4pital priv\u00e9 d&#8217;Antony. I operate on young children with congenital [&hellip;]<\/p>\n","protected":false},"author":2,"featured_media":6622,"parent":0,"menu_order":0,"comment_status":"closed","ping_status":"open","template":"","meta":{"_acf_changed":false,"footnotes":""},"class_list":["post-6737","page","type-page","status-publish","hentry"],"acf":[],"yoast_head":"<!-- This site is optimized with the Yoast SEO plugin v27.3 - https:\/\/yoast.com\/product\/yoast-seo-wordpress\/ -->\n<title>Dr Benouaiche, plastic surgeon in Paris and Antony<\/title>\n<meta name=\"description\" content=\"Cosmetic surgery and medicine in Paris 7 and at the Antony private hospital, for women, men and children. Expert in reconstructive surgery.\" \/>\n<meta name=\"robots\" content=\"index, follow, max-snippet:-1, max-image-preview:large, max-video-preview:-1\" \/>\n<link rel=\"canonical\" href=\"https:\/\/www.benouaiche.com\/en\/\" \/>\n<meta property=\"og:locale\" content=\"en_US\" \/>\n<meta property=\"og:type\" content=\"article\" \/>\n<meta property=\"og:title\" content=\"Dr Benouaiche, plastic surgeon in Paris and Antony\" \/>\n<meta property=\"og:description\" content=\"Cosmetic surgery and medicine in Paris 7 and at the Antony private hospital, for women, men and children. Expert in reconstructive surgery.\" \/>\n<meta property=\"og:url\" content=\"https:\/\/www.benouaiche.com\/en\/\" \/>\n<meta property=\"og:site_name\" content=\"Dr Benouaiche\" \/>\n<meta property=\"article:publisher\" content=\"https:\/\/www.facebook.com\/pages\/Dr-Laurence-Benouaiche\/170973249631393\" \/>\n<meta property=\"article:modified_time\" content=\"2025-04-15T15:55:42+00:00\" \/>\n<meta property=\"og:image\" content=\"https:\/\/www.benouaiche.com\/wp-content\/uploads\/2021\/03\/dr-laurence-benouaiche-paris-7.jpg\" \/>\n\t<meta property=\"og:image:width\" content=\"1594\" \/>\n\t<meta property=\"og:image:height\" content=\"1006\" \/>\n\t<meta property=\"og:image:type\" content=\"image\/jpeg\" \/>\n<meta name=\"twitter:card\" content=\"summary_large_image\" \/>\n<meta name=\"twitter:label1\" content=\"Est. reading time\" \/>\n\t<meta name=\"twitter:data1\" content=\"4 minutes\" \/>\n<!-- \/ Yoast SEO plugin. -->","yoast_head_json":{"title":"Dr Benouaiche, plastic surgeon in Paris and Antony","description":"Cosmetic surgery and medicine in Paris 7 and at the Antony private hospital, for women, men and children. Expert in reconstructive surgery.","robots":{"index":"index","follow":"follow","max-snippet":"max-snippet:-1","max-image-preview":"max-image-preview:large","max-video-preview":"max-video-preview:-1"},"canonical":"https:\/\/www.benouaiche.com\/en\/","og_locale":"en_US","og_type":"article","og_title":"Dr Benouaiche, plastic surgeon in Paris and Antony","og_description":"Cosmetic surgery and medicine in Paris 7 and at the Antony private hospital, for women, men and children. Expert in reconstructive surgery.","og_url":"https:\/\/www.benouaiche.com\/en\/","og_site_name":"Dr Benouaiche","article_publisher":"https:\/\/www.facebook.com\/pages\/Dr-Laurence-Benouaiche\/170973249631393","article_modified_time":"2025-04-15T15:55:42+00:00","og_image":[{"width":1594,"height":1006,"url":"https:\/\/www.benouaiche.com\/wp-content\/uploads\/2021\/03\/dr-laurence-benouaiche-paris-7.jpg","type":"image\/jpeg"}],"twitter_card":"summary_large_image","twitter_misc":{"Est. reading time":"4 minutes"},"schema":{"@context":"https:\/\/schema.org","@graph":[{"@type":"WebPage","@id":"https:\/\/www.benouaiche.com\/en\/","url":"https:\/\/www.benouaiche.com\/en\/","name":"Dr Benouaiche, plastic surgeon in Paris and Antony","isPartOf":{"@id":"https:\/\/www.benouaiche.com\/en\/#website"},"primaryImageOfPage":{"@id":"https:\/\/www.benouaiche.com\/en\/#primaryimage"},"image":{"@id":"https:\/\/www.benouaiche.com\/en\/#primaryimage"},"thumbnailUrl":"https:\/\/www.benouaiche.com\/wp-content\/uploads\/2021\/03\/dr-laurence-benouaiche-paris-7.jpg","datePublished":"2024-10-11T08:10:54+00:00","dateModified":"2025-04-15T15:55:42+00:00","description":"Cosmetic surgery and medicine in Paris 7 and at the Antony private hospital, for women, men and children. Expert in reconstructive surgery.","breadcrumb":{"@id":"https:\/\/www.benouaiche.com\/en\/#breadcrumb"},"inLanguage":"en-US","potentialAction":[{"@type":"ReadAction","target":["https:\/\/www.benouaiche.com\/en\/"]}]},{"@type":"ImageObject","inLanguage":"en-US","@id":"https:\/\/www.benouaiche.com\/en\/#primaryimage","url":"https:\/\/www.benouaiche.com\/wp-content\/uploads\/2021\/03\/dr-laurence-benouaiche-paris-7.jpg","contentUrl":"https:\/\/www.benouaiche.com\/wp-content\/uploads\/2021\/03\/dr-laurence-benouaiche-paris-7.jpg","width":1594,"height":1006,"caption":"Dr Benouaiche, plastic surgeon in Paris and Antony"},{"@type":"BreadcrumbList","@id":"https:\/\/www.benouaiche.com\/en\/#breadcrumb","itemListElement":[{"@type":"ListItem","position":1,"name":"Home","item":"https:\/\/www.benouaiche.com\/en\/"},{"@type":"ListItem","position":2,"name":"Dr Benouaiche, plastic surgeon in Paris and Antony"}]},{"@type":"WebSite","@id":"https:\/\/www.benouaiche.com\/en\/#website","url":"https:\/\/www.benouaiche.com\/en\/","name":"Dr Benouaiche","description":"Chirurgien esth\u00e9tique","publisher":{"@id":"https:\/\/www.benouaiche.com\/en\/#organization"},"alternateName":"DLB","potentialAction":[{"@type":"SearchAction","target":{"@type":"EntryPoint","urlTemplate":"https:\/\/www.benouaiche.com\/en\/?s={search_term_string}"},"query-input":{"@type":"PropertyValueSpecification","valueRequired":true,"valueName":"search_term_string"}}],"inLanguage":"en-US"},{"@type":"Organization","@id":"https:\/\/www.benouaiche.com\/en\/#organization","name":"Dr Laurence Benouaiche","alternateName":"DLB","url":"https:\/\/www.benouaiche.com\/en\/","logo":{"@type":"ImageObject","inLanguage":"en-US","@id":"https:\/\/www.benouaiche.com\/en\/#\/schema\/logo\/image\/","url":"https:\/\/www.benouaiche.com\/wp-content\/uploads\/2022\/01\/logo-dr-laurence-benouaiche.png","contentUrl":"https:\/\/www.benouaiche.com\/wp-content\/uploads\/2022\/01\/logo-dr-laurence-benouaiche.png","width":486,"height":486,"caption":"Dr Laurence Benouaiche"},"image":{"@id":"https:\/\/www.benouaiche.com\/en\/#\/schema\/logo\/image\/"},"sameAs":["https:\/\/www.facebook.com\/pages\/Dr-Laurence-Benouaiche\/170973249631393","https:\/\/www.youtube.com\/channel\/UCm4WDYujdFmTwaiJypZgGpQ\/videos","https:\/\/www.instagram.com\/drlaurencebenouaiche\/","https:\/\/fr.linkedin.com\/in\/laurence-benouaiche-09766631"]}]}},"_links":{"self":[{"href":"https:\/\/www.benouaiche.com\/en\/wp-json\/wp\/v2\/pages\/6737","targetHints":{"allow":["GET"]}}],"collection":[{"href":"https:\/\/www.benouaiche.com\/en\/wp-json\/wp\/v2\/pages"}],"about":[{"href":"https:\/\/www.benouaiche.com\/en\/wp-json\/wp\/v2\/types\/page"}],"author":[{"embeddable":true,"href":"https:\/\/www.benouaiche.com\/en\/wp-json\/wp\/v2\/users\/2"}],"replies":[{"embeddable":true,"href":"https:\/\/www.benouaiche.com\/en\/wp-json\/wp\/v2\/comments?post=6737"}],"version-history":[{"count":21,"href":"https:\/\/www.benouaiche.com\/en\/wp-json\/wp\/v2\/pages\/6737\/revisions"}],"predecessor-version":[{"id":8302,"href":"https:\/\/www.benouaiche.com\/en\/wp-json\/wp\/v2\/pages\/6737\/revisions\/8302"}],"wp:featuredmedia":[{"embeddable":true,"href":"https:\/\/www.benouaiche.com\/en\/wp-json\/wp\/v2\/media\/6622"}],"wp:attachment":[{"href":"https:\/\/www.benouaiche.com\/en\/wp-json\/wp\/v2\/media?parent=6737"}],"curies":[{"name":"wp","href":"https:\/\/api.w.org\/{rel}","templated":true}]}}