{"id":6800,"date":"2021-05-11T11:10:03","date_gmt":"2021-05-11T09:10:03","guid":{"rendered":"https:\/\/www.benouaiche.com\/aesthetic-medicine\/botox\/comment-lutter-contre-la-transpiration-cet-ete\/"},"modified":"2023-09-12T18:37:29","modified_gmt":"2023-09-12T16:37:29","slug":"against-heavy-sweating","status":"publish","type":"page","link":"https:\/\/www.benouaiche.com\/en\/aesthetic-medicine\/botox\/against-heavy-sweating\/","title":{"rendered":"Botox against heavy sweating"},"content":{"rendered":"<section class=\"wpb-content-wrapper\"><p>[vc_row full_width=&#8221;stretch_row_content_no_spaces&#8221; el_class=&#8221;header__2col&#8221;][vc_column width=&#8221;1\/2&#8243; el_class=&#8221;gray-background&#8221;][vc_single_image image=&#8221;6396&#8243; img_size=&#8221;full&#8221; add_caption=&#8221;yes&#8221; el_class=&#8221;image-have-caption image-have-caption__full&#8221;][\/vc_column][vc_column width=&#8221;1\/2&#8243;][vc_column_text el_class=&#8221;heading&#8221;]<\/p>\n<h1>BOTOX AGAINST HEAVY SWEATING<\/h1>\n<p><em>Summer is coming, and the sun\u2019s heat with it. For most of us, hot season means open shoes and light dresses, but those who suffer from heavy sweating (hyperhidrosis) fear this the most.<\/em><\/p>\n<p><em>There is a solution to reduce unpleasant sweating: <a href=\"https:\/\/www.benouaiche.com\/en\/aesthetic-medicine\/botox\/\">Botox injections<\/a>.<\/em>[\/vc_column_text][vc_column_text el_class=&#8221;btn btn-md btn__secondary&#8221;]<a title=\"Consulter pour un probl\u00e8me d'hyperhidrose\" href=\"https:\/\/www.benouaiche.com\/en\/contact\/\"><strong>MAKE AN APPOINTMENT<br \/>\n<\/strong><\/a>[\/vc_column_text][\/vc_column][\/vc_row][vc_row full_width=&#8221;stretch_row_content_no_spaces&#8221;][vc_column][vc_column_text el_class=&#8221;deep-page deep-page__heading&#8221;]Heavy sweating is a social discomfort for those who suffer from it. At the end of their workday, they usually find sweat stains under their armpits, have wet hands or smelly feet.<\/p>\n<p>Botox injections are very effective against sweating. They can be made on a regular basis, as this is a <strong>non-invasive procedure<\/strong>.<\/p>\n<h2>Different types of hyperhidrosis<\/h2>\n<p>Nowadays, sweating is usually associated with stress and lack of self-hygiene. Those suffering from hyperhidrosis, a disorder in the sweat glands that has no proven cause, live a real-life nightmare. There are different types of hyperhidrosis, depending on the areas where we can find high levels of sweat glands.<\/p>\n<p>Types of hyperhidrosis:<\/p>\n<ul>\n<li><strong>Axillary<\/strong> (underarms sweating)<\/li>\n<li><strong>Palmar<\/strong> (hand sweating)<\/li>\n<li><strong>Plantar<\/strong> ( sweaty soles )<\/li>\n<li><strong>Facial<\/strong> ( forehead sweating)<\/li>\n<\/ul>\n<p>There\u2019s no need to suffer from hyperhidrosis to undergo sweat injections. Most of my patients have completely normal sweating but simply wish to get rid of it, so that they can look great at all times during the day, without being embarrassed by unsightly underarm stains.<\/p>\n<h2>Who is embarrassed by their sweating?<\/h2>\n<p>Heavy or not, we can all be embarrassed by sweat. Men, women, teens\u2026 My patients usually have various profiles.<\/p>\n<ul>\n<li>Salespersons and businessmen for whom clothing and looks are critical<\/li>\n<li>Professional athletes<\/li>\n<li>Nightworkers<\/li>\n<li>Artists performing on-stage (actors, musicians, models&#8230;)<\/li>\n<li>Vacationers who just want to improve their comfort during summer season<\/li>\n<li>Nightclubs enthusiasts who want to dance and feel great all night long<\/li>\n<\/ul>\n<h2>Botox injections: an effective solution for heavy sweating<\/h2>\n<p>My patients have already tried everything to treat their heavy sweating: long-lasting antiperspirant, alum stone, talc powder, acupuncture, homeopathy\u2026Botox injections are by far the most effective solutions for this.<\/p>\n<p>These painless injections shall be repeated every 6 months. I usually recommend this treatment as soon as the warm weather arrives, mostly for armpits.<\/p>\n<p>The procedure takes between 15 to 30 minutes, directly in the office. <strong>Botulinum toxin relaxes the muscle whose contraction causes sweat secretion by the sweat gland.<\/strong><\/p>\n<p>Contraindications for the treatment of sweating with Botox include pregnant or breastfeeding women, individuals with myasthenia, amyotrophic lateral sclerosis, or those undergoing aminoglycoside treatment.[\/vc_column_text][\/vc_column][\/vc_row]<\/p>\n<\/section>","protected":false},"excerpt":{"rendered":"<p>Si pour beaucoup belle saison rime avec sandales et petites robes, ceux qui souffrent de transpiration excessive (hyperhidrose) la redoutent avec angoisse. Cela procure aussi une g\u00eane sociale \u00e0 ceux qui transpirent normalement mais qui, \u00e0 la fin de la journ\u00e9e de travail, ont les aur\u00e9oles sous les bras&#8230;<\/p>\n","protected":false},"author":2,"featured_media":6396,"parent":6794,"menu_order":0,"comment_status":"open","ping_status":"open","template":"template-internal-page-sidebar.php","meta":{"_acf_changed":false,"footnotes":""},"class_list":["post-6800","page","type-page","status-publish","hentry"],"acf":[],"yoast_head":"<!-- This site is optimized with the Yoast SEO plugin v27.3 - https:\/\/yoast.com\/product\/yoast-seo-wordpress\/ -->\n<title>Botox versus heavy sweating (hyperhidrosis) | DLB<\/title>\n<meta name=\"description\" content=\"Before coming to my practice, my patients usually have tried everything to treat their heavy sweating. Botox injections are the most effective solutions for this.\" \/>\n<meta name=\"robots\" content=\"index, follow, max-snippet:-1, max-image-preview:large, max-video-preview:-1\" \/>\n<link rel=\"canonical\" href=\"https:\/\/www.benouaiche.com\/en\/aesthetic-medicine\/botox\/against-heavy-sweating\/\" \/>\n<meta property=\"og:locale\" content=\"en_US\" \/>\n<meta property=\"og:type\" content=\"article\" \/>\n<meta property=\"og:title\" content=\"Botox versus heavy sweating (hyperhidrosis) | DLB\" \/>\n<meta property=\"og:description\" content=\"Before coming to my practice, my patients usually have tried everything to treat their heavy sweating. Botox injections are the most effective solutions for this.\" \/>\n<meta property=\"og:url\" content=\"https:\/\/www.benouaiche.com\/en\/aesthetic-medicine\/botox\/against-heavy-sweating\/\" \/>\n<meta property=\"og:site_name\" content=\"Dr Benouaiche\" \/>\n<meta property=\"article:publisher\" content=\"https:\/\/www.facebook.com\/pages\/Dr-Laurence-Benouaiche\/170973249631393\" \/>\n<meta property=\"article:modified_time\" content=\"2023-09-12T16:37:29+00:00\" \/>\n<meta property=\"og:image\" content=\"https:\/\/www.benouaiche.com\/wp-content\/uploads\/2018\/12\/pour-la-transpiration-medecine-esthetique-dr-benouaiche-paris.jpg\" \/>\n\t<meta property=\"og:image:width\" content=\"858\" \/>\n\t<meta property=\"og:image:height\" content=\"838\" \/>\n\t<meta property=\"og:image:type\" content=\"image\/jpeg\" \/>\n<meta name=\"twitter:card\" content=\"summary_large_image\" \/>\n<meta name=\"twitter:label1\" content=\"Est. reading time\" \/>\n\t<meta name=\"twitter:data1\" content=\"3 minutes\" \/>\n<!-- \/ Yoast SEO plugin. -->","yoast_head_json":{"title":"Botox versus heavy sweating (hyperhidrosis) | DLB","description":"Before coming to my practice, my patients usually have tried everything to treat their heavy sweating. Botox injections are the most effective solutions for this.","robots":{"index":"index","follow":"follow","max-snippet":"max-snippet:-1","max-image-preview":"max-image-preview:large","max-video-preview":"max-video-preview:-1"},"canonical":"https:\/\/www.benouaiche.com\/en\/aesthetic-medicine\/botox\/against-heavy-sweating\/","og_locale":"en_US","og_type":"article","og_title":"Botox versus heavy sweating (hyperhidrosis) | DLB","og_description":"Before coming to my practice, my patients usually have tried everything to treat their heavy sweating. Botox injections are the most effective solutions for this.","og_url":"https:\/\/www.benouaiche.com\/en\/aesthetic-medicine\/botox\/against-heavy-sweating\/","og_site_name":"Dr Benouaiche","article_publisher":"https:\/\/www.facebook.com\/pages\/Dr-Laurence-Benouaiche\/170973249631393","article_modified_time":"2023-09-12T16:37:29+00:00","og_image":[{"width":858,"height":838,"url":"https:\/\/www.benouaiche.com\/wp-content\/uploads\/2018\/12\/pour-la-transpiration-medecine-esthetique-dr-benouaiche-paris.jpg","type":"image\/jpeg"}],"twitter_card":"summary_large_image","twitter_misc":{"Est. reading time":"3 minutes"},"schema":{"@context":"https:\/\/schema.org","@graph":[{"@type":"WebPage","@id":"https:\/\/www.benouaiche.com\/en\/aesthetic-medicine\/botox\/against-heavy-sweating\/","url":"https:\/\/www.benouaiche.com\/en\/aesthetic-medicine\/botox\/against-heavy-sweating\/","name":"Botox versus heavy sweating (hyperhidrosis) | DLB","isPartOf":{"@id":"https:\/\/www.benouaiche.com\/en\/#website"},"primaryImageOfPage":{"@id":"https:\/\/www.benouaiche.com\/en\/aesthetic-medicine\/botox\/against-heavy-sweating\/#primaryimage"},"image":{"@id":"https:\/\/www.benouaiche.com\/en\/aesthetic-medicine\/botox\/against-heavy-sweating\/#primaryimage"},"thumbnailUrl":"https:\/\/www.benouaiche.com\/wp-content\/uploads\/2018\/12\/pour-la-transpiration-medecine-esthetique-dr-benouaiche-paris.jpg","datePublished":"2021-05-11T09:10:03+00:00","dateModified":"2023-09-12T16:37:29+00:00","description":"Before coming to my practice, my patients usually have tried everything to treat their heavy sweating. Botox injections are the most effective solutions for this.","breadcrumb":{"@id":"https:\/\/www.benouaiche.com\/en\/aesthetic-medicine\/botox\/against-heavy-sweating\/#breadcrumb"},"inLanguage":"en-US","potentialAction":[{"@type":"ReadAction","target":["https:\/\/www.benouaiche.com\/en\/aesthetic-medicine\/botox\/against-heavy-sweating\/"]}]},{"@type":"ImageObject","inLanguage":"en-US","@id":"https:\/\/www.benouaiche.com\/en\/aesthetic-medicine\/botox\/against-heavy-sweating\/#primaryimage","url":"https:\/\/www.benouaiche.com\/wp-content\/uploads\/2018\/12\/pour-la-transpiration-medecine-esthetique-dr-benouaiche-paris.jpg","contentUrl":"https:\/\/www.benouaiche.com\/wp-content\/uploads\/2018\/12\/pour-la-transpiration-medecine-esthetique-dr-benouaiche-paris.jpg","width":858,"height":838,"caption":"Concr\u00e8tement, la toxine botulique rel\u00e2che le muscle dont la contraction provoque la s\u00e9cr\u00e9tion de sueur par la glande sudoripare."},{"@type":"BreadcrumbList","@id":"https:\/\/www.benouaiche.com\/en\/aesthetic-medicine\/botox\/against-heavy-sweating\/#breadcrumb","itemListElement":[{"@type":"ListItem","position":1,"name":"Home","item":"https:\/\/www.benouaiche.com\/en\/"},{"@type":"ListItem","position":2,"name":"Aesthetic medecine","item":"https:\/\/www.benouaiche.com\/en\/aesthetic-medicine\/"},{"@type":"ListItem","position":3,"name":"Botox","item":"https:\/\/www.benouaiche.com\/en\/aesthetic-medicine\/botox\/"},{"@type":"ListItem","position":4,"name":"Botox against heavy sweating"}]},{"@type":"WebSite","@id":"https:\/\/www.benouaiche.com\/en\/#website","url":"https:\/\/www.benouaiche.com\/en\/","name":"Dr Benouaiche","description":"Chirurgien esth\u00e9tique","publisher":{"@id":"https:\/\/www.benouaiche.com\/en\/#organization"},"alternateName":"DLB","potentialAction":[{"@type":"SearchAction","target":{"@type":"EntryPoint","urlTemplate":"https:\/\/www.benouaiche.com\/en\/?s={search_term_string}"},"query-input":{"@type":"PropertyValueSpecification","valueRequired":true,"valueName":"search_term_string"}}],"inLanguage":"en-US"},{"@type":"Organization","@id":"https:\/\/www.benouaiche.com\/en\/#organization","name":"Dr Laurence Benouaiche","alternateName":"DLB","url":"https:\/\/www.benouaiche.com\/en\/","logo":{"@type":"ImageObject","inLanguage":"en-US","@id":"https:\/\/www.benouaiche.com\/en\/#\/schema\/logo\/image\/","url":"https:\/\/www.benouaiche.com\/wp-content\/uploads\/2022\/01\/logo-dr-laurence-benouaiche.png","contentUrl":"https:\/\/www.benouaiche.com\/wp-content\/uploads\/2022\/01\/logo-dr-laurence-benouaiche.png","width":486,"height":486,"caption":"Dr Laurence Benouaiche"},"image":{"@id":"https:\/\/www.benouaiche.com\/en\/#\/schema\/logo\/image\/"},"sameAs":["https:\/\/www.facebook.com\/pages\/Dr-Laurence-Benouaiche\/170973249631393","https:\/\/www.youtube.com\/channel\/UCm4WDYujdFmTwaiJypZgGpQ\/videos","https:\/\/www.instagram.com\/drlaurencebenouaiche\/","https:\/\/fr.linkedin.com\/in\/laurence-benouaiche-09766631"]}]}},"_links":{"self":[{"href":"https:\/\/www.benouaiche.com\/en\/wp-json\/wp\/v2\/pages\/6800","targetHints":{"allow":["GET"]}}],"collection":[{"href":"https:\/\/www.benouaiche.com\/en\/wp-json\/wp\/v2\/pages"}],"about":[{"href":"https:\/\/www.benouaiche.com\/en\/wp-json\/wp\/v2\/types\/page"}],"author":[{"embeddable":true,"href":"https:\/\/www.benouaiche.com\/en\/wp-json\/wp\/v2\/users\/2"}],"replies":[{"embeddable":true,"href":"https:\/\/www.benouaiche.com\/en\/wp-json\/wp\/v2\/comments?post=6800"}],"version-history":[{"count":3,"href":"https:\/\/www.benouaiche.com\/en\/wp-json\/wp\/v2\/pages\/6800\/revisions"}],"predecessor-version":[{"id":7301,"href":"https:\/\/www.benouaiche.com\/en\/wp-json\/wp\/v2\/pages\/6800\/revisions\/7301"}],"up":[{"embeddable":true,"href":"https:\/\/www.benouaiche.com\/en\/wp-json\/wp\/v2\/pages\/6794"}],"wp:featuredmedia":[{"embeddable":true,"href":"https:\/\/www.benouaiche.com\/en\/wp-json\/wp\/v2\/media\/6396"}],"wp:attachment":[{"href":"https:\/\/www.benouaiche.com\/en\/wp-json\/wp\/v2\/media?parent=6800"}],"curies":[{"name":"wp","href":"https:\/\/api.w.org\/{rel}","templated":true}]}}