{"id":6867,"date":"2017-01-04T09:24:06","date_gmt":"2017-01-04T08:24:06","guid":{"rendered":"https:\/\/www.benouaiche.com\/aesthetic-medicine\/mesotherapy\/volite-hydratation-visage-mains\/"},"modified":"2025-04-15T17:40:14","modified_gmt":"2025-04-15T15:40:14","slug":"volite","status":"publish","type":"page","link":"https:\/\/www.benouaiche.com\/en\/aesthetic-medicine\/mesotherapy\/volite\/","title":{"rendered":"Allergan\u2019s volite, for instant face and hands hydration"},"content":{"rendered":"<section class=\"wpb-content-wrapper\"><p>[vc_row full_width=&#8221;stretch_row_content_no_spaces&#8221; el_class=&#8221;header__2col&#8221;][vc_column width=&#8221;1\/2&#8243; el_class=&#8221;gray-background&#8221;][vc_single_image image=&#8221;6402&#8243; img_size=&#8221;full&#8221; add_caption=&#8221;yes&#8221; el_class=&#8221;image-have-caption image-have-caption__full&#8221;][\/vc_column][vc_column width=&#8221;1\/2&#8243;][vc_column_text el_class=&#8221;heading&#8221;]<\/p>\n<h1>ALLERGAN\u2019S VOLITE, FOR INSTANT FACE AND HANDS HYDRATION<\/h1>\n<p><em>VOLITE is a hyaluronic acid from Allergan&#8217;s VYCROSS range. This treatment is ideal for hydrating the face, neck, cleavage and hands.<br \/>\n<\/em>[\/vc_column_text][vc_column_text el_class=&#8221;btn btn-md btn__secondary&#8221;]<a title=\"Consulter pour une hydratation instantan\u00e9e\" href=\"https:\/\/www.benouaiche.com\/en\/contact\/\"><strong>MAKE AN APPOINTMENT<br \/>\n<\/strong><\/a>[\/vc_column_text][\/vc_column][\/vc_row][vc_row full_width=&#8221;stretch_row_content_no_spaces&#8221;][vc_column][vc_column_text el_class=&#8221;deep-page deep-page__heading&#8221;]<\/p>\n<h2>6 to 9 months hydration<\/h2>\n<p>During the cold season, VOLITE can treat skin dryness. Just before summer, it allows for skin protection from sunlight. Its effects can last 6 to 9 months, versus 1 month for regular products.<\/p>\n<p>This product is a powerful hydrating <a href=\"\/en\/aesthetic-medicine\/hyaluronic-acid\/\"><strong>hyaluronic acid<\/strong><\/a> that doesn\u2019t provide volume but instantly plumps and hydrates the skin of the face, d\u00e9collet\u00e9, neck, and hands.<\/p>\n<h2>Your skin does not become oily<\/h2>\n<p>In addition to its long lasting effect, VOLITE can rehydrate while maintaining high-quality skin that does not become oily.<\/p>\n<p>As a surgeon, I know that frequent and prolonged hand washing can be a real issue for the skin. VOLITE is a real solution for died out hands.<\/p>\n<p>Some of my patients have already had the pleasure of discovering it at my practice. I have indeed been invited to use it in early access, as an Expert Consultant and trainer for doctors on behalf of Allergan laboratory. The commercialization of Volite started in January 2017.[\/vc_column_text][\/vc_column][\/vc_row][vc_row disable_element=&#8221;yes&#8221;][vc_column width=&#8221;1\/2&#8243;][vc_video link=&#8221;https:\/\/youtu.be\/rXqxgM-0Yqg&#8221;][\/vc_column][vc_column width=&#8221;1\/2&#8243;][\/vc_column][\/vc_row][vc_row full_width=&#8221;stretch_row_content_no_spaces&#8221; disable_element=&#8221;yes&#8221; el_class=&#8221;deep-page deep-page__heading&#8221;][vc_column][vc_column_text]<\/p>\n<h2>Launch event in Paris<\/h2>\n<p>[\/vc_column_text][vc_row_inner el_class=&#8221;row-vc_column&#8221;][vc_column_inner width=&#8221;1\/2&#8243;][vc_column_text el_class=&#8221;paragraph__first-no-margin-top&#8221;]Here are some photos from the VOLITE launch event in Paris. Accompanied by two other experts, we performed injection techniques of this hyaluronic acid on the face, cheeks, lower eyelid wrinkles, neck, cleavage and the hands.<\/p>\n<p>A Premiere demonstration of VOLITE, a hyaluronic acid made for skin hydration, in the presence of surgeons and experts, including Dr. Laurence Benouaiche.<br \/>\n[\/vc_column_text][\/vc_column_inner][vc_column_inner width=&#8221;1\/2&#8243;][vc_single_image image=&#8221;1437&#8243; img_size=&#8221;full&#8221; add_caption=&#8221;yes&#8221; el_class=&#8221;image-have-caption image-have-caption__full&#8221;][\/vc_column_inner][\/vc_row_inner][vc_row_inner el_class=&#8221;row-vc_column&#8221;][vc_column_inner width=&#8221;1\/3&#8243;][vc_single_image image=&#8221;6198&#8243; img_size=&#8221;full&#8221; add_caption=&#8221;yes&#8221; el_class=&#8221;image-have-caption image-have-caption__full&#8221;][\/vc_column_inner][vc_column_inner width=&#8221;1\/3&#8243;][vc_single_image image=&#8221;6199&#8243; img_size=&#8221;full&#8221; add_caption=&#8221;yes&#8221; el_class=&#8221;image-have-caption image-have-caption__full&#8221;][\/vc_column_inner][vc_column_inner width=&#8221;1\/3&#8243;][vc_single_image image=&#8221;6200&#8243; img_size=&#8221;full&#8221; add_caption=&#8221;yes&#8221; el_class=&#8221;image-have-caption image-have-caption__full&#8221;][\/vc_column_inner][\/vc_row_inner][\/vc_column][\/vc_row]<\/p>\n<\/section>","protected":false},"excerpt":{"rendered":"<p>Id\u00e9al au cours de l&#8217;hiver pour traiter le dess\u00e8chement cutan\u00e9 et juste avant l&#8217;\u00e9t\u00e9 pour prot\u00e9ger la peau de l&#8217;agression solaire, les effets sont prolong\u00e9s de 6 \u00e0 9 mois, contre un mois le plus souvent pour des produits classiques.<\/p>\n","protected":false},"author":2,"featured_media":6402,"parent":6764,"menu_order":0,"comment_status":"open","ping_status":"open","template":"template-internal-page-sidebar.php","meta":{"_acf_changed":false,"footnotes":""},"class_list":["post-6867","page","type-page","status-publish","hentry"],"acf":[],"yoast_head":"<!-- This site is optimized with the Yoast SEO plugin v27.3 - https:\/\/yoast.com\/product\/yoast-seo-wordpress\/ -->\n<title>VOLITE hyaluronic acid | DLB<\/title>\n<meta name=\"description\" content=\"VOLITE is a powerful hydrating hyaluronic acid that doesn\u2019t volumize the skin. Instead, it plumps it up.\" \/>\n<meta name=\"robots\" content=\"index, follow, max-snippet:-1, max-image-preview:large, max-video-preview:-1\" \/>\n<link rel=\"canonical\" href=\"https:\/\/www.benouaiche.com\/en\/aesthetic-medicine\/mesotherapy\/volite\/\" \/>\n<meta property=\"og:locale\" content=\"en_US\" \/>\n<meta property=\"og:type\" content=\"article\" \/>\n<meta property=\"og:title\" content=\"VOLITE hyaluronic acid | DLB\" \/>\n<meta property=\"og:description\" content=\"VOLITE is a powerful hydrating hyaluronic acid that doesn\u2019t volumize the skin. Instead, it plumps it up.\" \/>\n<meta property=\"og:url\" content=\"https:\/\/www.benouaiche.com\/en\/aesthetic-medicine\/mesotherapy\/volite\/\" \/>\n<meta property=\"og:site_name\" content=\"Dr Benouaiche\" \/>\n<meta property=\"article:publisher\" content=\"https:\/\/www.facebook.com\/pages\/Dr-Laurence-Benouaiche\/170973249631393\" \/>\n<meta property=\"article:modified_time\" content=\"2025-04-15T15:40:14+00:00\" \/>\n<meta property=\"og:image\" content=\"https:\/\/www.benouaiche.com\/wp-content\/uploads\/2018\/12\/hydratation-instantanee-medecine-esthetique-dr-benouaiche-paris.jpg\" \/>\n\t<meta property=\"og:image:width\" content=\"858\" \/>\n\t<meta property=\"og:image:height\" content=\"838\" \/>\n\t<meta property=\"og:image:type\" content=\"image\/jpeg\" \/>\n<meta name=\"twitter:card\" content=\"summary_large_image\" \/>\n<meta name=\"twitter:label1\" content=\"Est. reading time\" \/>\n\t<meta name=\"twitter:data1\" content=\"3 minutes\" \/>\n<!-- \/ Yoast SEO plugin. -->","yoast_head_json":{"title":"VOLITE hyaluronic acid | DLB","description":"VOLITE is a powerful hydrating hyaluronic acid that doesn\u2019t volumize the skin. Instead, it plumps it up.","robots":{"index":"index","follow":"follow","max-snippet":"max-snippet:-1","max-image-preview":"max-image-preview:large","max-video-preview":"max-video-preview:-1"},"canonical":"https:\/\/www.benouaiche.com\/en\/aesthetic-medicine\/mesotherapy\/volite\/","og_locale":"en_US","og_type":"article","og_title":"VOLITE hyaluronic acid | DLB","og_description":"VOLITE is a powerful hydrating hyaluronic acid that doesn\u2019t volumize the skin. Instead, it plumps it up.","og_url":"https:\/\/www.benouaiche.com\/en\/aesthetic-medicine\/mesotherapy\/volite\/","og_site_name":"Dr Benouaiche","article_publisher":"https:\/\/www.facebook.com\/pages\/Dr-Laurence-Benouaiche\/170973249631393","article_modified_time":"2025-04-15T15:40:14+00:00","og_image":[{"width":858,"height":838,"url":"https:\/\/www.benouaiche.com\/wp-content\/uploads\/2018\/12\/hydratation-instantanee-medecine-esthetique-dr-benouaiche-paris.jpg","type":"image\/jpeg"}],"twitter_card":"summary_large_image","twitter_misc":{"Est. reading time":"3 minutes"},"schema":{"@context":"https:\/\/schema.org","@graph":[{"@type":"WebPage","@id":"https:\/\/www.benouaiche.com\/en\/aesthetic-medicine\/mesotherapy\/volite\/","url":"https:\/\/www.benouaiche.com\/en\/aesthetic-medicine\/mesotherapy\/volite\/","name":"VOLITE hyaluronic acid | DLB","isPartOf":{"@id":"https:\/\/www.benouaiche.com\/en\/#website"},"primaryImageOfPage":{"@id":"https:\/\/www.benouaiche.com\/en\/aesthetic-medicine\/mesotherapy\/volite\/#primaryimage"},"image":{"@id":"https:\/\/www.benouaiche.com\/en\/aesthetic-medicine\/mesotherapy\/volite\/#primaryimage"},"thumbnailUrl":"https:\/\/www.benouaiche.com\/wp-content\/uploads\/2018\/12\/hydratation-instantanee-medecine-esthetique-dr-benouaiche-paris.jpg","datePublished":"2017-01-04T08:24:06+00:00","dateModified":"2025-04-15T15:40:14+00:00","description":"VOLITE is a powerful hydrating hyaluronic acid that doesn\u2019t volumize the skin. Instead, it plumps it up.","breadcrumb":{"@id":"https:\/\/www.benouaiche.com\/en\/aesthetic-medicine\/mesotherapy\/volite\/#breadcrumb"},"inLanguage":"en-US","potentialAction":[{"@type":"ReadAction","target":["https:\/\/www.benouaiche.com\/en\/aesthetic-medicine\/mesotherapy\/volite\/"]}]},{"@type":"ImageObject","inLanguage":"en-US","@id":"https:\/\/www.benouaiche.com\/en\/aesthetic-medicine\/mesotherapy\/volite\/#primaryimage","url":"https:\/\/www.benouaiche.com\/wp-content\/uploads\/2018\/12\/hydratation-instantanee-medecine-esthetique-dr-benouaiche-paris.jpg","contentUrl":"https:\/\/www.benouaiche.com\/wp-content\/uploads\/2018\/12\/hydratation-instantanee-medecine-esthetique-dr-benouaiche-paris.jpg","width":858,"height":838,"caption":"Washing your hands several times a day damages and dries out the skin."},{"@type":"BreadcrumbList","@id":"https:\/\/www.benouaiche.com\/en\/aesthetic-medicine\/mesotherapy\/volite\/#breadcrumb","itemListElement":[{"@type":"ListItem","position":1,"name":"Home","item":"https:\/\/www.benouaiche.com\/en\/"},{"@type":"ListItem","position":2,"name":"Aesthetic medecine","item":"https:\/\/www.benouaiche.com\/en\/aesthetic-medicine\/"},{"@type":"ListItem","position":3,"name":"Mesotherapy","item":"https:\/\/www.benouaiche.com\/en\/aesthetic-medicine\/mesotherapy\/"},{"@type":"ListItem","position":4,"name":"Allergan\u2019s Volite"}]},{"@type":"WebSite","@id":"https:\/\/www.benouaiche.com\/en\/#website","url":"https:\/\/www.benouaiche.com\/en\/","name":"Dr Benouaiche","description":"Chirurgien esth\u00e9tique","publisher":{"@id":"https:\/\/www.benouaiche.com\/en\/#organization"},"alternateName":"DLB","potentialAction":[{"@type":"SearchAction","target":{"@type":"EntryPoint","urlTemplate":"https:\/\/www.benouaiche.com\/en\/?s={search_term_string}"},"query-input":{"@type":"PropertyValueSpecification","valueRequired":true,"valueName":"search_term_string"}}],"inLanguage":"en-US"},{"@type":"Organization","@id":"https:\/\/www.benouaiche.com\/en\/#organization","name":"Dr Laurence Benouaiche","alternateName":"DLB","url":"https:\/\/www.benouaiche.com\/en\/","logo":{"@type":"ImageObject","inLanguage":"en-US","@id":"https:\/\/www.benouaiche.com\/en\/#\/schema\/logo\/image\/","url":"https:\/\/www.benouaiche.com\/wp-content\/uploads\/2022\/01\/logo-dr-laurence-benouaiche.png","contentUrl":"https:\/\/www.benouaiche.com\/wp-content\/uploads\/2022\/01\/logo-dr-laurence-benouaiche.png","width":486,"height":486,"caption":"Dr Laurence Benouaiche"},"image":{"@id":"https:\/\/www.benouaiche.com\/en\/#\/schema\/logo\/image\/"},"sameAs":["https:\/\/www.facebook.com\/pages\/Dr-Laurence-Benouaiche\/170973249631393","https:\/\/www.youtube.com\/channel\/UCm4WDYujdFmTwaiJypZgGpQ\/videos","https:\/\/www.instagram.com\/drlaurencebenouaiche\/","https:\/\/fr.linkedin.com\/in\/laurence-benouaiche-09766631"]}]}},"_links":{"self":[{"href":"https:\/\/www.benouaiche.com\/en\/wp-json\/wp\/v2\/pages\/6867","targetHints":{"allow":["GET"]}}],"collection":[{"href":"https:\/\/www.benouaiche.com\/en\/wp-json\/wp\/v2\/pages"}],"about":[{"href":"https:\/\/www.benouaiche.com\/en\/wp-json\/wp\/v2\/types\/page"}],"author":[{"embeddable":true,"href":"https:\/\/www.benouaiche.com\/en\/wp-json\/wp\/v2\/users\/2"}],"replies":[{"embeddable":true,"href":"https:\/\/www.benouaiche.com\/en\/wp-json\/wp\/v2\/comments?post=6867"}],"version-history":[{"count":0,"href":"https:\/\/www.benouaiche.com\/en\/wp-json\/wp\/v2\/pages\/6867\/revisions"}],"up":[{"embeddable":true,"href":"https:\/\/www.benouaiche.com\/en\/wp-json\/wp\/v2\/pages\/6764"}],"wp:featuredmedia":[{"embeddable":true,"href":"https:\/\/www.benouaiche.com\/en\/wp-json\/wp\/v2\/media\/6402"}],"wp:attachment":[{"href":"https:\/\/www.benouaiche.com\/en\/wp-json\/wp\/v2\/media?parent=6867"}],"curies":[{"name":"wp","href":"https:\/\/api.w.org\/{rel}","templated":true}]}}