{"id":6879,"date":"2022-06-14T10:21:31","date_gmt":"2022-06-14T08:21:31","guid":{"rendered":"https:\/\/www.benouaiche.com\/lipoaspiration\/"},"modified":"2025-11-07T15:14:09","modified_gmt":"2025-11-07T14:14:09","slug":"liposuction","status":"publish","type":"page","link":"https:\/\/www.benouaiche.com\/en\/cosmetic-surgery\/liposuction\/","title":{"rendered":"Lipoaspiration or liposuction"},"content":{"rendered":"<section class=\"wpb-content-wrapper\"><p>[vc_row full_width=&#8221;stretch_row_content_no_spaces&#8221; el_class=&#8221;header__2col&#8221;][vc_column width=&#8221;1\/2&#8243; el_class=&#8221;gray-background&#8221;][vc_single_image image=&#8221;2939&#8243; img_size=&#8221;full&#8221; add_caption=&#8221;yes&#8221; el_class=&#8221;image-have-caption image-have-caption__full&#8221;][\/vc_column][vc_column width=&#8221;1\/2&#8243;][vc_column_text el_class=&#8221;heading&#8221;]<\/p>\n<h1>Lipoaspiration or liposuction<\/h1>\n<p><em>Lipoaspiration, or liposuction, is the most effective and efficient treatment for the radical, targeted removal of fat that resists dieting, while preserving a full face and attractive breasts.<\/em>[\/vc_column_text][vc_column_text el_class=&#8221;btn btn-md btn__secondary&#8221;]<a title=\"Make an appointment for liposuction\" href=\"https:\/\/www.benouaiche.com\/en\/contact\/\"><strong>Make an appointment<\/strong><\/a>[\/vc_column_text][\/vc_column][\/vc_row][vc_row full_width=&#8221;stretch_row_content_no_spaces&#8221;][vc_column][vc_column_text el_class=&#8221;deep-page deep-page__heading&#8221;]<\/p>\n<h2>Comment corriger les amas graisseux pour affiner sa silhouette ?<\/h2>\n<p>A tout \u00e2ge hommes et femmes se pr\u00e9sentent \u00e0 la consultation pour des amas graisseux, en g\u00e9n\u00e9ral bien localis\u00e9s qui r\u00e9sistent au r\u00e9gime alimentaire ou au sport.<\/p>\n<p>On les retrouve au niveau <strong>du ventre, des hanches, des cuisses, de la culotte de cheval, des genoux, des mollets, des chevilles.<\/strong> On peut aussi en voir au niveau <strong>de bras, du cou, du menton<\/strong>. Une fois install\u00e9e, cette graisse localis\u00e9e part difficilement. En perdant beaucoup de poids, elle finirait par diminuer mais au prix d\u2019un visage amaigri, qui semblerait fatigu\u00e9, d\u2019une poitrine vid\u00e9e. La liposuccion est aussi utilis\u00e9e pour <a href=\"\/medecine-esthetique-a-paris\/silhouette\/cellulite\/\">enlever la cellulite<\/a>.[\/vc_column_text][\/vc_column][\/vc_row][vc_row full_width=&#8221;stretch_row_content_no_spaces&#8221;][vc_column][vc_column_text el_class=&#8221;deep-page deep-page__heading&#8221;]<\/p>\n<h2>What is the consultation process like before liposuction surgery?<\/h2>\n<p>[\/vc_column_text][vc_video link=&#8221;https:\/\/www.youtube.com\/watch?v=VijfSBSQOC0&amp;t=124s&#8221;][\/vc_column][\/vc_row][vc_row full_width=&#8221;stretch_row_content_no_spaces&#8221;][vc_column][vc_column_text el_class=&#8221;deep-page deep-page__heading&#8221; css=&#8221;.vc_custom_1750166108631{padding-top: 20px !important;}&#8221;]<\/p>\n<h3>Lipoaspiration du ventre<\/h3>\n<p>La premi\u00e8re consultation permet d\u2019examiner la patiente, son historique de poids, <a href=\"https:\/\/www.benouaiche.com\/actualites\/lipoaspiration-de-a-a-z\/\">ses objectifs<\/a>.<\/p>\n<p>Il faut en particulier \u00e9valuer soigneusement l\u2019\u00e9lasticit\u00e9 cutan\u00e9e : une peau de bonne qualit\u00e9 sans rel\u00e2chement et \u00e9lastique permettra une bonne r\u00e9traction et \u00e9vitera la survenue de toute irr\u00e9gularit\u00e9.<\/p>\n<p>On observe parfois chez des personnes minces un rel\u00e2chement cutan\u00e9 qui ne sera pas corrig\u00e9 par la lipoaspiration. S\u2019il existe un amas graisseux il partira, mais la patiente risque de ne pas avoir le r\u00e9sultat d\u00e9sir\u00e9. C\u2019est parfois difficile de bien le comprendre.<\/p>\n<p>En fonction de l\u2019examen clinique, on peut parfois proposer une chirurgie avec des cicatrices (<a href=\"https:\/\/www.benouaiche.com\/chirurgie-esthetique\/chirurgie-esthetique-silhouette\/plastie-abdominale\/\">plastie abdominale<\/a> par exemple) permettant de retirer la peau exc\u00e9dentaire avec un r\u00e9sultat bien meilleur.<\/p>\n<p>Il faut bien comprendre ce que souhaite la patiente et bien lui expliquer ce qu\u2019elle peut attendre de la lipoaspiration. Si l\u2019indication est bien pos\u00e9e, le r\u00e9sultat sera satisfaisant.[\/vc_column_text][\/vc_column][\/vc_row][vc_row full_width=&#8221;stretch_row_content_no_spaces&#8221; disable_element=&#8221;yes&#8221;][vc_column][vc_single_image image=&#8221;5482&#8243; img_size=&#8221;full&#8221; alignment=&#8221;center&#8221; css=&#8221;.vc_custom_1655217828641{padding-top: 20px !important;padding-left: 30px !important;}&#8221;][vc_column_text css=&#8221;.vc_custom_1655217754927{margin-top: 0px !important;padding-top: 5px !important;}&#8221;]<\/p>\n<p style=\"text-align: right;\"><strong>\u25b2 Above, a patient before and after<br \/>\ntummy tuck liposuction.<\/strong><\/p>\n<p>[\/vc_column_text][\/vc_column][\/vc_row][vc_row full_width=&#8221;stretch_row_content_no_spaces&#8221;][vc_column][vc_column_text el_class=&#8221;deep-page deep-page__heading&#8221; css=&#8221;.vc_custom_1728462572589{padding-top: 20px !important;}&#8221;]<\/p>\n<h3>Double chin liposuction<\/h3>\n<p>Double chin liposuction is a procedure that removes fat from under the chin, allowing the skin to tighten against the floor of the mouth and neck muscles. All with natural results. The aim of double chin liposuction is to reduce the volume under the chin by recreating the chin-cervical angle. The aim is to harmonize the volumes of the neck with those of the face. When the patient has a visible excess of fat in this area and good quality skin. For the result to be satisfactory, the skin must be able to tighten satisfactorily over the neck muscles.[\/vc_column_text][\/vc_column][\/vc_row][vc_row full_width=&#8221;stretch_row_content_no_spaces&#8221; disable_element=&#8221;yes&#8221;][vc_column][vc_single_image image=&#8221;7735&#8243; img_size=&#8221;full&#8221; alignment=&#8221;center&#8221; css=&#8221;.vc_custom_1728462846013{padding-top: 20px !important;padding-left: 30px !important;}&#8221;][vc_column_text css=&#8221;.vc_custom_1728462609548{margin-top: 0px !important;padding-top: 5px !important;}&#8221;]<\/p>\n<p style=\"text-align: right;\"><strong>\u25b2 Above, a patient before and after<br \/>\nchin liposuction.<\/strong><\/p>\n<p>[\/vc_column_text][\/vc_column][\/vc_row][vc_row full_width=&#8221;stretch_row_content_no_spaces&#8221; css=&#8221;.vc_custom_1655217805551{margin-top: 50px !important;}&#8221;][vc_column][vc_column_text el_class=&#8221;deep-page deep-page__heading&#8221;]<\/p>\n<h2>How does the operation work?<\/h2>\n<p>[\/vc_column_text][\/vc_column][\/vc_row][vc_row full_width=&#8221;stretch_row_content_no_spaces&#8221;][vc_column][vc_column_text el_class=&#8221;deep-page deep-page__heading&#8221;]The duration of a liposuction procedure depends on the amount of fat and the number of areas to be treated. <strong>On average, it lasts 1 to 1.5 hours, under<\/strong> epidural or general <strong>anesthesia<\/strong>. At the end of the procedure, we apply a compression garment (panty) to limit oedema and ensure proper redistribution of the cutaneous and subcutaneous planes.[\/vc_column_text][\/vc_column][\/vc_row][vc_row][vc_column][vc_empty_space][\/vc_column][\/vc_row][vc_row full_width=&#8221;stretch_row_content_no_spaces&#8221;][vc_column][vc_column_text el_class=&#8221;deep-page deep-page__heading&#8221;]<\/p>\n<h2>What happens after the operation?<\/h2>\n<p>The patient comes in at noon on the day of the operation, and usually leaves the next morning when the tummy, thighs, saddlebags and knees, for example, are treated. Pain is generally well controlled by analgesics. The panty should be worn for a month, and compression stockings for 7 to 10 days, with anticoagulant treatment. A 3 to 7-day leave from work is recommended. The result is visible once the swelling has subsided, i.e. after around 6 weeks. <strong>Sport should not be resumed for a month<\/strong>.<\/p>\n<h2>How much does tummy tuck surgery cost?<\/h2>\n<p>Please consult our <a href=\"https:\/\/www.benouaiche.com\/en\/rates\/#prix-chirurgie-silhouette\">price list<\/a>.[\/vc_column_text][\/vc_column][\/vc_row][vc_row el_class=&#8221;no-extras carousel-posts-container&#8221;][vc_column][vc_column_text el_class=&#8221;custom-carousel__header&#8221;]<\/p>\n<h2>Press review<\/h2>\n<p>[\/vc_column_text][vc_column_text][\/vc_column_text][\/vc_column][\/vc_row]<\/p>\n<\/section>","protected":false},"excerpt":{"rendered":"<p>[vc_row full_width=&#8221;stretch_row_content_no_spaces&#8221; el_class=&#8221;header__2col&#8221;][vc_column width=&#8221;1\/2&#8243; el_class=&#8221;gray-background&#8221;][vc_single_image image=&#8221;2939&#8243; img_size=&#8221;full&#8221; add_caption=&#8221;yes&#8221; el_class=&#8221;image-have-caption image-have-caption__full&#8221;][\/vc_column][vc_column width=&#8221;1\/2&#8243;][vc_column_text el_class=&#8221;heading&#8221;] Lipoaspiration or liposuction Lipoaspiration, or liposuction, is the most effective and efficient treatment for the radical, targeted removal of fat that resists dieting, while preserving a full face and attractive breasts.[\/vc_column_text][vc_column_text el_class=&#8221;btn btn-md btn__secondary&#8221;]Make an appointment[\/vc_column_text][\/vc_column][\/vc_row][vc_row full_width=&#8221;stretch_row_content_no_spaces&#8221;][vc_column][vc_column_text el_class=&#8221;deep-page deep-page__heading&#8221;] Comment corriger les amas [&hellip;]<\/p>\n","protected":false},"author":2,"featured_media":6390,"parent":6868,"menu_order":0,"comment_status":"open","ping_status":"closed","template":"template-internal-page-sidebar.php","meta":{"_acf_changed":false,"footnotes":""},"class_list":["post-6879","page","type-page","status-publish","hentry"],"acf":[],"yoast_head":"<!-- This site is optimized with the Yoast SEO plugin v27.3 - https:\/\/yoast.com\/product\/yoast-seo-wordpress\/ -->\n<title>Liposuction of the thighs, stomach or chin | DLB<\/title>\n<meta name=\"description\" content=\"Liposuction is the most effective and efficient treatment for radically removing diet-resistant fat.\" \/>\n<meta name=\"robots\" content=\"index, follow, max-snippet:-1, max-image-preview:large, max-video-preview:-1\" \/>\n<link rel=\"canonical\" href=\"https:\/\/www.benouaiche.com\/en\/cosmetic-surgery\/liposuction\/\" \/>\n<meta property=\"og:locale\" content=\"en_US\" \/>\n<meta property=\"og:type\" content=\"article\" \/>\n<meta property=\"og:title\" content=\"Liposuction of the thighs, stomach or chin | DLB\" \/>\n<meta property=\"og:description\" content=\"Liposuction is the most effective and efficient treatment for radically removing diet-resistant fat.\" \/>\n<meta property=\"og:url\" content=\"https:\/\/www.benouaiche.com\/en\/cosmetic-surgery\/liposuction\/\" \/>\n<meta property=\"og:site_name\" content=\"Dr Benouaiche\" \/>\n<meta property=\"article:publisher\" content=\"https:\/\/www.facebook.com\/pages\/Dr-Laurence-Benouaiche\/170973249631393\" \/>\n<meta property=\"article:modified_time\" content=\"2025-11-07T14:14:09+00:00\" \/>\n<meta property=\"og:image\" content=\"https:\/\/www.benouaiche.com\/wp-content\/uploads\/2018\/12\/liposuccion-ou-lipoaspiration-chirurgie-esthetique-dr-benouaiche-paris.jpg\" \/>\n\t<meta property=\"og:image:width\" content=\"858\" \/>\n\t<meta property=\"og:image:height\" content=\"838\" \/>\n\t<meta property=\"og:image:type\" content=\"image\/jpeg\" \/>\n<meta name=\"twitter:card\" content=\"summary_large_image\" \/>\n<meta name=\"twitter:label1\" content=\"Est. reading time\" \/>\n\t<meta name=\"twitter:data1\" content=\"3 minutes\" \/>\n<!-- \/ Yoast SEO plugin. -->","yoast_head_json":{"title":"Liposuction of the thighs, stomach or chin | DLB","description":"Liposuction is the most effective and efficient treatment for radically removing diet-resistant fat.","robots":{"index":"index","follow":"follow","max-snippet":"max-snippet:-1","max-image-preview":"max-image-preview:large","max-video-preview":"max-video-preview:-1"},"canonical":"https:\/\/www.benouaiche.com\/en\/cosmetic-surgery\/liposuction\/","og_locale":"en_US","og_type":"article","og_title":"Liposuction of the thighs, stomach or chin | DLB","og_description":"Liposuction is the most effective and efficient treatment for radically removing diet-resistant fat.","og_url":"https:\/\/www.benouaiche.com\/en\/cosmetic-surgery\/liposuction\/","og_site_name":"Dr Benouaiche","article_publisher":"https:\/\/www.facebook.com\/pages\/Dr-Laurence-Benouaiche\/170973249631393","article_modified_time":"2025-11-07T14:14:09+00:00","og_image":[{"width":858,"height":838,"url":"https:\/\/www.benouaiche.com\/wp-content\/uploads\/2018\/12\/liposuccion-ou-lipoaspiration-chirurgie-esthetique-dr-benouaiche-paris.jpg","type":"image\/jpeg"}],"twitter_card":"summary_large_image","twitter_misc":{"Est. reading time":"3 minutes"},"schema":{"@context":"https:\/\/schema.org","@graph":[{"@type":"WebPage","@id":"https:\/\/www.benouaiche.com\/en\/cosmetic-surgery\/liposuction\/","url":"https:\/\/www.benouaiche.com\/en\/cosmetic-surgery\/liposuction\/","name":"Liposuction of the thighs, stomach or chin | DLB","isPartOf":{"@id":"https:\/\/www.benouaiche.com\/en\/#website"},"primaryImageOfPage":{"@id":"https:\/\/www.benouaiche.com\/en\/cosmetic-surgery\/liposuction\/#primaryimage"},"image":{"@id":"https:\/\/www.benouaiche.com\/en\/cosmetic-surgery\/liposuction\/#primaryimage"},"thumbnailUrl":"https:\/\/www.benouaiche.com\/wp-content\/uploads\/2018\/12\/liposuccion-ou-lipoaspiration-chirurgie-esthetique-dr-benouaiche-paris.jpg","datePublished":"2022-06-14T08:21:31+00:00","dateModified":"2025-11-07T14:14:09+00:00","description":"Liposuction is the most effective and efficient treatment for radically removing diet-resistant fat.","breadcrumb":{"@id":"https:\/\/www.benouaiche.com\/en\/cosmetic-surgery\/liposuction\/#breadcrumb"},"inLanguage":"en-US","potentialAction":[{"@type":"ReadAction","target":["https:\/\/www.benouaiche.com\/en\/cosmetic-surgery\/liposuction\/"]}]},{"@type":"ImageObject","inLanguage":"en-US","@id":"https:\/\/www.benouaiche.com\/en\/cosmetic-surgery\/liposuction\/#primaryimage","url":"https:\/\/www.benouaiche.com\/wp-content\/uploads\/2018\/12\/liposuccion-ou-lipoaspiration-chirurgie-esthetique-dr-benouaiche-paris.jpg","contentUrl":"https:\/\/www.benouaiche.com\/wp-content\/uploads\/2018\/12\/liposuccion-ou-lipoaspiration-chirurgie-esthetique-dr-benouaiche-paris.jpg","width":858,"height":838,"caption":"La liposuccion n\u2019est pas d\u2019un traitement amaigrissant."},{"@type":"BreadcrumbList","@id":"https:\/\/www.benouaiche.com\/en\/cosmetic-surgery\/liposuction\/#breadcrumb","itemListElement":[{"@type":"ListItem","position":1,"name":"Home","item":"https:\/\/www.benouaiche.com\/en\/"},{"@type":"ListItem","position":2,"name":"Cosmetic surgery","item":"https:\/\/www.benouaiche.com\/en\/cosmetic-surgery\/"},{"@type":"ListItem","position":3,"name":"Liposuction"}]},{"@type":"WebSite","@id":"https:\/\/www.benouaiche.com\/en\/#website","url":"https:\/\/www.benouaiche.com\/en\/","name":"Dr Benouaiche","description":"Chirurgien esth\u00e9tique","publisher":{"@id":"https:\/\/www.benouaiche.com\/en\/#organization"},"alternateName":"DLB","potentialAction":[{"@type":"SearchAction","target":{"@type":"EntryPoint","urlTemplate":"https:\/\/www.benouaiche.com\/en\/?s={search_term_string}"},"query-input":{"@type":"PropertyValueSpecification","valueRequired":true,"valueName":"search_term_string"}}],"inLanguage":"en-US"},{"@type":"Organization","@id":"https:\/\/www.benouaiche.com\/en\/#organization","name":"Dr Laurence Benouaiche","alternateName":"DLB","url":"https:\/\/www.benouaiche.com\/en\/","logo":{"@type":"ImageObject","inLanguage":"en-US","@id":"https:\/\/www.benouaiche.com\/en\/#\/schema\/logo\/image\/","url":"https:\/\/www.benouaiche.com\/wp-content\/uploads\/2022\/01\/logo-dr-laurence-benouaiche.png","contentUrl":"https:\/\/www.benouaiche.com\/wp-content\/uploads\/2022\/01\/logo-dr-laurence-benouaiche.png","width":486,"height":486,"caption":"Dr Laurence Benouaiche"},"image":{"@id":"https:\/\/www.benouaiche.com\/en\/#\/schema\/logo\/image\/"},"sameAs":["https:\/\/www.facebook.com\/pages\/Dr-Laurence-Benouaiche\/170973249631393","https:\/\/www.youtube.com\/channel\/UCm4WDYujdFmTwaiJypZgGpQ\/videos","https:\/\/www.instagram.com\/drlaurencebenouaiche\/","https:\/\/fr.linkedin.com\/in\/laurence-benouaiche-09766631"]}]}},"_links":{"self":[{"href":"https:\/\/www.benouaiche.com\/en\/wp-json\/wp\/v2\/pages\/6879","targetHints":{"allow":["GET"]}}],"collection":[{"href":"https:\/\/www.benouaiche.com\/en\/wp-json\/wp\/v2\/pages"}],"about":[{"href":"https:\/\/www.benouaiche.com\/en\/wp-json\/wp\/v2\/types\/page"}],"author":[{"embeddable":true,"href":"https:\/\/www.benouaiche.com\/en\/wp-json\/wp\/v2\/users\/2"}],"replies":[{"embeddable":true,"href":"https:\/\/www.benouaiche.com\/en\/wp-json\/wp\/v2\/comments?post=6879"}],"version-history":[{"count":13,"href":"https:\/\/www.benouaiche.com\/en\/wp-json\/wp\/v2\/pages\/6879\/revisions"}],"predecessor-version":[{"id":8677,"href":"https:\/\/www.benouaiche.com\/en\/wp-json\/wp\/v2\/pages\/6879\/revisions\/8677"}],"up":[{"embeddable":true,"href":"https:\/\/www.benouaiche.com\/en\/wp-json\/wp\/v2\/pages\/6868"}],"wp:featuredmedia":[{"embeddable":true,"href":"https:\/\/www.benouaiche.com\/en\/wp-json\/wp\/v2\/media\/6390"}],"wp:attachment":[{"href":"https:\/\/www.benouaiche.com\/en\/wp-json\/wp\/v2\/media?parent=6879"}],"curies":[{"name":"wp","href":"https:\/\/api.w.org\/{rel}","templated":true}]}}