{"id":6884,"date":"2018-05-22T13:56:20","date_gmt":"2018-05-22T11:56:20","guid":{"rendered":"https:\/\/www.benouaiche.com\/aesthetic-medicine\/cryolipolysis\/cryolipolyse-technique-d-amincissement\/"},"modified":"2025-04-15T17:30:37","modified_gmt":"2025-04-15T15:30:37","slug":"techniques","status":"publish","type":"page","link":"https:\/\/www.benouaiche.com\/en\/aesthetic-medicine\/cryolipolysis\/techniques\/","title":{"rendered":"Cryolipolysis by cryoslim : a cold-based slimming technique without surgery"},"content":{"rendered":"<section class=\"wpb-content-wrapper\"><p>[vc_row full_width=&#8221;stretch_row_content_no_spaces&#8221; el_class=&#8221;header__2col&#8221;][vc_column width=&#8221;1\/2&#8243; el_class=&#8221;gray-background&#8221;][vc_single_image image=&#8221;6404&#8243; img_size=&#8221;full&#8221; add_caption=&#8221;yes&#8221; el_class=&#8221;image-have-caption image-have-caption__full&#8221;][\/vc_column][vc_column width=&#8221;1\/2&#8243;][vc_column_text el_class=&#8221;heading&#8221;]<\/p>\n<h1>Cryolipolysis by cryoslim : a cold-based slimming technique without surgery<\/h1>\n<p><em>Even though you have a healthy way of life, you can\u2019t get rid of some little unattractive little bulges? These fatty deposits tend to accumulate on the hips, abdomen, love handles, under the arms, inner thighs, or knees. This issue affects both women and men of all age.<br \/>\n<\/em>[\/vc_column_text][vc_column_text el_class=&#8221;btn btn-md btn__secondary&#8221;]<a title=\"Prendre rendez-vous pour une s\u00e9ance de cryolipolyse\" href=\"https:\/\/www.benouaiche.com\/en\/contact\/\"><strong>MAKE AN APPOINTMENT<br \/>\n<\/strong><\/a>[\/vc_column_text][\/vc_column][\/vc_row][vc_row full_width=&#8221;stretch_row_content_no_spaces&#8221;][vc_column][vc_column_text el_class=&#8221;deep-page deep-page__heading&#8221;]<\/p>\n<h2>How does Cryolyposis work?<\/h2>\n<p>It is now possible to undergo a non-invasive, surgery-free technique that won\u2019t require any social exclusion.<\/p>\n<p>This aesthetic medicine technique is called Cryolipolysis by CRYOSLIM\u00ae.<br \/>\nThis is a procedure that will destroy fat cells (adipocytes) through cold temperature.<\/p>\n<p>Those fat cells often appear during our adolescence and are very cold-sensitive.<br \/>\nCooling these fat cells to a temperature ranging from -0.5\u00b0C to 0\u00b0C leads to their destruction without damaging the skin, nerves, and muscles.[\/vc_column_text][\/vc_column][\/vc_row][vc_row disable_element=&#8221;yes&#8221;][vc_column width=&#8221;2\/3&#8243;][vc_video link=&#8221;https:\/\/youtu.be\/0bJHoTGtqBc&#8221;][\/vc_column][vc_column width=&#8221;1\/3&#8243;][\/vc_column][\/vc_row][vc_row full_width=&#8221;stretch_row_content_no_spaces&#8221; el_class=&#8221;deep-page&#8221;][vc_column][vc_row_inner el_class=&#8221;deep-page__padding-left-block&#8221;][vc_column_inner width=&#8221;2\/3&#8243;][vc_column_text el_class=&#8221;text-block&#8221;]<img decoding=\"async\" class=\"alignright wp-image-1708 size-thumbnail\" style=\"padding-left: 15px; padding-bottom: 30px;\" title=\"Les sp\u00e9cificit\u00e9s de l'appareil Cryoslim\" src=\"https:\/\/www.benouaiche.com\/wp-content\/uploads\/2018\/05\/appareil-cryoslim-150x150.png\" alt=\"Les sp\u00e9cificit\u00e9s de l'appareil Cryoslim\" width=\"150\" height=\"150\" srcset=\"https:\/\/www.benouaiche.com\/wp-content\/uploads\/2018\/05\/appareil-cryoslim-150x150.png 150w, https:\/\/www.benouaiche.com\/wp-content\/uploads\/2018\/05\/appareil-cryoslim-60x60.png 60w\" sizes=\"(max-width: 150px) 100vw, 150px\" \/><\/p>\n<h3>Cryolipolysis by CRYOSLIM\u00ae<\/h3>\n<p>The Cryoslim device is made in France and complies with all required regulations. This is a non-invasive and painless procedure that uses a physiological suction process as well as a set temperature stabilization. <strong><a href=\"\/en\/aesthetic-medicine\/cryolipolysis\/cryoslim\/\">Read more about Cryoslim\u2019s features<\/a><\/strong>[\/vc_column_text][\/vc_column_inner][vc_column_inner width=&#8221;1\/3&#8243;][\/vc_column_inner][\/vc_row_inner][\/vc_column][\/vc_row][vc_row full_width=&#8221;stretch_row_content_no_spaces&#8221;][vc_column][vc_column_text el_class=&#8221;deep-page deep-page__heading&#8221;]<\/p>\n<h2>What results can be achieved with Cryolyposis?<\/h2>\n<p>Results will start to appear 1 month after your first session, but will be optimal after 3 months. This is the time needed for the body to eliminate the fat cells destroyed by the cold. The patient loses 30% of their initial mass in the targeted fatty area.<\/p>\n<p>At the end of the treatment, <strong>results are permanent<\/strong> as the \u201c<strong>cryolipolyzed<\/strong>&#8221; <strong>fat has been eliminated<\/strong>. Even if you gain some weight again, the treated areas will remain slimmer than before. Cryolipolysis doesn\u2019t actually make you lose weight, but it<strong> refines and reshapes your body<\/strong>.<\/p>\n<p>If you want an optimal and long-lasting result, it is highly advised to pay attention to your diet and lifestyle. Maintain your weight, have a balanced diet, and engage in regular physical activity.<\/p>\n<p>Depending on individuals and the areas to be treated, one to two additional sessions may be required, spaced 1 to 2 months apart.<\/p>\n<h2>Am I a good candidate for cryolipolysis?<\/h2>\n<p>Despite all your efforts and good habits, you still have resistant fat deposits ? You seek long-lasting results but don\u2019t want to undergo surgery? Then Cryolyposis by CRYOSLIM is absolutely indicated for you.<\/p>\n<p>It\u2019s important to underline that this solution isn\u2019t appropriate for patients who suffer from overweight or obesity.<\/p>\n<h2>What happens during a cryolipolysis session?<\/h2>\n<p><strong>Diagnosis first<\/strong>. Your doctor will examine your body shape, skin quality, skin fold thickness and weight. They\u2019ll pinch fatty areas to determine the areas to be treated.<\/p>\n<p>After taking a series of photos, two applicators are positioned on the targeted areas, and the bulge is suctioned. After a slight discomfort in the first few minutes as the cold sets in, you can read or relax for the remainder of the session.<\/p>\n<p>A session lasts 1 hour and can treat 2 areas that are usually symmetrical, such as love handles, inner thighs, and saddlebags.<\/p>\n<p>The applicators are removed at the end of the session, and the treated area is strongly massaged, which can be sometimes perceived as painful.<\/p>\n<p>After the treatment, the skin can be quite sensitive, swelling or redness may occur for a few days. You\u2019ll feel that the bulge is shrinking after about three weeks, as the tissues will get softer. It takes 2 to 3 months for the result to fully settle. There are no contraindications regarding sun exposure.[\/vc_column_text][\/vc_column][\/vc_row][vc_row full_width=&#8221;stretch_row_content_no_spaces&#8221; el_class=&#8221;deep-page deep-page__heading&#8221;][vc_column][vc_row_inner el_class=&#8221;row-vc_column&#8221;][vc_column_inner width=&#8221;2\/3&#8243;][vc_column_text el_class=&#8221;paragraph__first-no-margin-top&#8221;]<\/p>\n<h3>Very few contraindications<\/h3>\n<ul>\n<li>Cryoglobulinemia (cryoglobulins in the blood)<\/li>\n<li>Cold urticaria or paroxysmal cold hemoglobinuria (rare autoimmune hemolytic anemia)<\/li>\n<li>Raynaud&#8217;s disease.<\/li>\n<li>Hernia.<\/li>\n<li>Pregnancy and breastfeeding.<\/li>\n<li>Implanted electronic device.<\/li>\n<li>Eczema.<\/li>\n<li>Injury or inflammation on the area to be treated.<\/li>\n<\/ul>\n<p>[\/vc_column_text][\/vc_column_inner][vc_column_inner width=&#8221;1\/3&#8243;][\/vc_column_inner][\/vc_row_inner][\/vc_column][\/vc_row]<\/p>\n<\/section>","protected":false},"excerpt":{"rendered":"<p>La Cryolipolyse est une technique de m\u00e9decine esth\u00e9tique qui consiste \u00e0 d\u00e9truire les graisses (cellules adipeuses) par le froid. C&#8217;est une technique non invasive, une alternative \u00e0 la chirurgie, sans \u00e9viction sociale.<\/p>\n","protected":false},"author":2,"featured_media":6404,"parent":6746,"menu_order":0,"comment_status":"open","ping_status":"open","template":"template-internal-page-sidebar.php","meta":{"_acf_changed":false,"footnotes":""},"class_list":["post-6884","page","type-page","status-publish","hentry"],"acf":[],"yoast_head":"<!-- This site is optimized with the Yoast SEO plugin v27.3 - https:\/\/yoast.com\/product\/yoast-seo-wordpress\/ -->\n<title>Cryolipolysis, a cold-based slimming technique | DLB<\/title>\n<meta name=\"description\" content=\"Cryolipolysis is a non-invasive procedure performed by aesthetic doctors that breaks down fat lobules (adipose cells) using cold.\" \/>\n<meta name=\"robots\" content=\"index, follow, max-snippet:-1, max-image-preview:large, max-video-preview:-1\" \/>\n<link rel=\"canonical\" href=\"https:\/\/www.benouaiche.com\/en\/aesthetic-medicine\/cryolipolysis\/techniques\/\" \/>\n<meta property=\"og:locale\" content=\"en_US\" \/>\n<meta property=\"og:type\" content=\"article\" \/>\n<meta property=\"og:title\" content=\"La Cryolipolyse, quels r\u00e9sultats attendre ?\" \/>\n<meta property=\"og:description\" content=\"D\u00e9truire les graisses par le froid. Dur\u00e9e de la s\u00e9ance : 1 heure.\" \/>\n<meta property=\"og:url\" content=\"https:\/\/www.benouaiche.com\/en\/aesthetic-medicine\/cryolipolysis\/techniques\/\" \/>\n<meta property=\"og:site_name\" content=\"Dr Benouaiche\" \/>\n<meta property=\"article:publisher\" content=\"https:\/\/www.facebook.com\/pages\/Dr-Laurence-Benouaiche\/170973249631393\" \/>\n<meta property=\"article:modified_time\" content=\"2025-04-15T15:30:37+00:00\" \/>\n<meta property=\"og:image\" content=\"https:\/\/www.benouaiche.com\/wp-content\/uploads\/2018\/05\/cryolipolyse-mincir-par-le-froid.jpg\" \/>\n\t<meta property=\"og:image:width\" content=\"640\" \/>\n\t<meta property=\"og:image:height\" content=\"427\" \/>\n\t<meta property=\"og:image:type\" content=\"image\/jpeg\" \/>\n<meta name=\"twitter:card\" content=\"summary_large_image\" \/>\n<meta name=\"twitter:label1\" content=\"Est. reading time\" \/>\n\t<meta name=\"twitter:data1\" content=\"4 minutes\" \/>\n<!-- \/ Yoast SEO plugin. -->","yoast_head_json":{"title":"Cryolipolysis, a cold-based slimming technique | DLB","description":"Cryolipolysis is a non-invasive procedure performed by aesthetic doctors that breaks down fat lobules (adipose cells) using cold.","robots":{"index":"index","follow":"follow","max-snippet":"max-snippet:-1","max-image-preview":"max-image-preview:large","max-video-preview":"max-video-preview:-1"},"canonical":"https:\/\/www.benouaiche.com\/en\/aesthetic-medicine\/cryolipolysis\/techniques\/","og_locale":"en_US","og_type":"article","og_title":"La Cryolipolyse, quels r\u00e9sultats attendre ?","og_description":"D\u00e9truire les graisses par le froid. Dur\u00e9e de la s\u00e9ance : 1 heure.","og_url":"https:\/\/www.benouaiche.com\/en\/aesthetic-medicine\/cryolipolysis\/techniques\/","og_site_name":"Dr Benouaiche","article_publisher":"https:\/\/www.facebook.com\/pages\/Dr-Laurence-Benouaiche\/170973249631393","article_modified_time":"2025-04-15T15:30:37+00:00","og_image":[{"width":640,"height":427,"url":"https:\/\/www.benouaiche.com\/wp-content\/uploads\/2018\/05\/cryolipolyse-mincir-par-le-froid.jpg","type":"image\/jpeg"}],"twitter_card":"summary_large_image","twitter_misc":{"Est. reading time":"4 minutes"},"schema":{"@context":"https:\/\/schema.org","@graph":[{"@type":"WebPage","@id":"https:\/\/www.benouaiche.com\/en\/aesthetic-medicine\/cryolipolysis\/techniques\/","url":"https:\/\/www.benouaiche.com\/en\/aesthetic-medicine\/cryolipolysis\/techniques\/","name":"Cryolipolysis, a cold-based slimming technique | DLB","isPartOf":{"@id":"https:\/\/www.benouaiche.com\/en\/#website"},"primaryImageOfPage":{"@id":"https:\/\/www.benouaiche.com\/en\/aesthetic-medicine\/cryolipolysis\/techniques\/#primaryimage"},"image":{"@id":"https:\/\/www.benouaiche.com\/en\/aesthetic-medicine\/cryolipolysis\/techniques\/#primaryimage"},"thumbnailUrl":"https:\/\/www.benouaiche.com\/wp-content\/uploads\/2018\/12\/mincir-par-le-froid-medecine-esthetique-dr-benouaiche-paris.jpg","datePublished":"2018-05-22T11:56:20+00:00","dateModified":"2025-04-15T15:30:37+00:00","description":"Cryolipolysis is a non-invasive procedure performed by aesthetic doctors that breaks down fat lobules (adipose cells) using cold.","breadcrumb":{"@id":"https:\/\/www.benouaiche.com\/en\/aesthetic-medicine\/cryolipolysis\/techniques\/#breadcrumb"},"inLanguage":"en-US","potentialAction":[{"@type":"ReadAction","target":["https:\/\/www.benouaiche.com\/en\/aesthetic-medicine\/cryolipolysis\/techniques\/"]}]},{"@type":"ImageObject","inLanguage":"en-US","@id":"https:\/\/www.benouaiche.com\/en\/aesthetic-medicine\/cryolipolysis\/techniques\/#primaryimage","url":"https:\/\/www.benouaiche.com\/wp-content\/uploads\/2018\/12\/mincir-par-le-froid-medecine-esthetique-dr-benouaiche-paris.jpg","contentUrl":"https:\/\/www.benouaiche.com\/wp-content\/uploads\/2018\/12\/mincir-par-le-froid-medecine-esthetique-dr-benouaiche-paris.jpg","width":858,"height":838,"caption":"If you wish to try Cryolyposis, give yourself every opportunity for optimal results."},{"@type":"BreadcrumbList","@id":"https:\/\/www.benouaiche.com\/en\/aesthetic-medicine\/cryolipolysis\/techniques\/#breadcrumb","itemListElement":[{"@type":"ListItem","position":1,"name":"Home","item":"https:\/\/www.benouaiche.com\/en\/"},{"@type":"ListItem","position":2,"name":"Aesthetic medecine","item":"https:\/\/www.benouaiche.com\/en\/aesthetic-medicine\/"},{"@type":"ListItem","position":3,"name":"Silhouette","item":"https:\/\/www.benouaiche.com\/en\/aesthetic-medicine\/cryolipolysis\/"},{"@type":"ListItem","position":4,"name":"Technique"}]},{"@type":"WebSite","@id":"https:\/\/www.benouaiche.com\/en\/#website","url":"https:\/\/www.benouaiche.com\/en\/","name":"Dr Benouaiche","description":"Chirurgien esth\u00e9tique","publisher":{"@id":"https:\/\/www.benouaiche.com\/en\/#organization"},"alternateName":"DLB","potentialAction":[{"@type":"SearchAction","target":{"@type":"EntryPoint","urlTemplate":"https:\/\/www.benouaiche.com\/en\/?s={search_term_string}"},"query-input":{"@type":"PropertyValueSpecification","valueRequired":true,"valueName":"search_term_string"}}],"inLanguage":"en-US"},{"@type":"Organization","@id":"https:\/\/www.benouaiche.com\/en\/#organization","name":"Dr Laurence Benouaiche","alternateName":"DLB","url":"https:\/\/www.benouaiche.com\/en\/","logo":{"@type":"ImageObject","inLanguage":"en-US","@id":"https:\/\/www.benouaiche.com\/en\/#\/schema\/logo\/image\/","url":"https:\/\/www.benouaiche.com\/wp-content\/uploads\/2022\/01\/logo-dr-laurence-benouaiche.png","contentUrl":"https:\/\/www.benouaiche.com\/wp-content\/uploads\/2022\/01\/logo-dr-laurence-benouaiche.png","width":486,"height":486,"caption":"Dr Laurence Benouaiche"},"image":{"@id":"https:\/\/www.benouaiche.com\/en\/#\/schema\/logo\/image\/"},"sameAs":["https:\/\/www.facebook.com\/pages\/Dr-Laurence-Benouaiche\/170973249631393","https:\/\/www.youtube.com\/channel\/UCm4WDYujdFmTwaiJypZgGpQ\/videos","https:\/\/www.instagram.com\/drlaurencebenouaiche\/","https:\/\/fr.linkedin.com\/in\/laurence-benouaiche-09766631"]}]}},"_links":{"self":[{"href":"https:\/\/www.benouaiche.com\/en\/wp-json\/wp\/v2\/pages\/6884","targetHints":{"allow":["GET"]}}],"collection":[{"href":"https:\/\/www.benouaiche.com\/en\/wp-json\/wp\/v2\/pages"}],"about":[{"href":"https:\/\/www.benouaiche.com\/en\/wp-json\/wp\/v2\/types\/page"}],"author":[{"embeddable":true,"href":"https:\/\/www.benouaiche.com\/en\/wp-json\/wp\/v2\/users\/2"}],"replies":[{"embeddable":true,"href":"https:\/\/www.benouaiche.com\/en\/wp-json\/wp\/v2\/comments?post=6884"}],"version-history":[{"count":4,"href":"https:\/\/www.benouaiche.com\/en\/wp-json\/wp\/v2\/pages\/6884\/revisions"}],"predecessor-version":[{"id":8284,"href":"https:\/\/www.benouaiche.com\/en\/wp-json\/wp\/v2\/pages\/6884\/revisions\/8284"}],"up":[{"embeddable":true,"href":"https:\/\/www.benouaiche.com\/en\/wp-json\/wp\/v2\/pages\/6746"}],"wp:featuredmedia":[{"embeddable":true,"href":"https:\/\/www.benouaiche.com\/en\/wp-json\/wp\/v2\/media\/6404"}],"wp:attachment":[{"href":"https:\/\/www.benouaiche.com\/en\/wp-json\/wp\/v2\/media?parent=6884"}],"curies":[{"name":"wp","href":"https:\/\/api.w.org\/{rel}","templated":true}]}}