{"id":6960,"date":"2019-06-04T17:24:55","date_gmt":"2019-06-04T15:24:55","guid":{"rendered":"https:\/\/www.benouaiche.com\/aesthetic-medicine\/hyaluronic-acid\/profiloplastie\/"},"modified":"2025-04-15T17:49:25","modified_gmt":"2025-04-15T15:49:25","slug":"medical-profileplasty","status":"publish","type":"page","link":"https:\/\/www.benouaiche.com\/en\/aesthetic-medicine\/hyaluronic-acid\/medical-profileplasty\/","title":{"rendered":"Medical Profileplasty"},"content":{"rendered":"<section class=\"wpb-content-wrapper\"><p>[vc_row full_width=&#8221;stretch_row_content_no_spaces&#8221; el_class=&#8221;header__2col&#8221;][vc_column width=&#8221;1\/2&#8243; el_class=&#8221;gray-background&#8221;][vc_single_image image=&#8221;6574&#8243; img_size=&#8221;full&#8221; add_caption=&#8221;yes&#8221; el_class=&#8221;image-have-caption image-have-caption__full&#8221;][\/vc_column][vc_column width=&#8221;1\/2&#8243;][vc_column_text el_class=&#8221;heading&#8221;]<\/p>\n<h1>MEDICAL PROFILEPLASTY<\/h1>\n<p>Once exclusive to surgery, it is now possible to correct the profile of a face using hyaluronic acid injections. In a few minutes, the results are visible and your profile becomes more graceful.<\/p>\n<p>We all know that feeling when we check our face in front of a mirror, and then see a side or angled photo of our face. Those who are aware of and bothered by this seek consultation to find out how to improve their profile and achieve a more harmonious self-image.<\/p>\n<p>Five main parts make the profile: <strong>the forehead, the nose, the lips, the chin and the double-chin<\/strong>. All of these can be treated and their shape improved.[\/vc_column_text][vc_column_text el_class=&#8221;btn btn-md btn__secondary&#8221;]<a href=\"https:\/\/www.benouaiche.com\/en\/contact\/\"><strong>MAKE AN APPOINTMENT <\/strong><\/a>[\/vc_column_text][\/vc_column][\/vc_row][vc_row full_width=&#8221;stretch_row_content_no_spaces&#8221;][vc_column][vc_column_text el_class=&#8221;deep-page deep-page__heading&#8221;]<\/p>\n<h2>Hyaluronic acid injections in the forehead<\/h2>\n<p>Due to aging or genetics, the forehead may seem flat. Hyaluronic acid injections will help plump up a forehead and <strong>rejuvenate the upper third of a face<\/strong>.<br \/>\nThese injections can also help diminish horizontal forehead lines, as well as lines on the glabella and frown lines. To optimize the result and its lasting, we can combine <a href=\"https:\/\/www.benouaiche.com\/en\/aesthetic-medicine\/botox\/\">Botox injections<\/a> with hyaluronic acid injections.[\/vc_column_text][vc_empty_space height=&#8221;25px&#8221;][vc_column_text el_class=&#8221;deep-page deep-page__heading&#8221;]<\/p>\n<h2>Hyaluronic acid injections in the nose<\/h2>\n<p>An injection of hyaluronic acid will reduce a bump, lift the nasal tip, fill depressions or correct an asymmetry. This is called <strong>medical rhinoplasty<\/strong>. In profileplasty, the goal is to shape volumes to embellish the nose\u2019s appearance.<\/p>\n<p>This can be an interesting approach for patients who don\u2019t want to undergo surgery but want their nose to be reversibly corrected. For others, this can be a first step before considering nose surgery. The results of the medical rhinoplasty can last about 1 year and a half.[\/vc_column_text][vc_empty_space height=&#8221;25px&#8221;][vc_column_text el_class=&#8221;deep-page deep-page__heading&#8221;]<\/p>\n<h2>Hyaluronic acid injections in the lips<\/h2>\n<p><a href=\"https:\/\/www.benouaiche.com\/en\/aesthetic-medicine\/hyaluronic-acid\/lips\/\">Lip volume increase<\/a>, as well as a retroversion of the lower lip made with hyaluronic acid injections will soften the profile and provide a feminine touch. For men, injections need to be moderate in order to plump up the lips without feminizing the face. For men and women,<strong> the lower lip must account for two thirds of the total lip surface<\/strong>, and the upper lip for one third. Another rule in surgical or aesthetic medicine is to avoid overcorrection and the overly plump lips that are often mocked. The objective here is a natural result.[\/vc_column_text][vc_empty_space height=&#8221;25px&#8221;][vc_column_text el_class=&#8221;deep-page deep-page__heading&#8221;]<\/p>\n<h2>Hyaluronic acid injections in the chin<\/h2>\n<p>[\/vc_column_text][\/vc_column][\/vc_row][vc_row][vc_column][vc_column_text el_class=&#8221;deep-page deep-page__heading&#8221;]Thanks to the medical profileplasty, we can now correct a receding chin with hyaluronic acid injections. Projecting the chin will greatly improve the profile, giving the face more character.<\/p>\n<p>For aging patients, chin injections can enhance the oval of the face. During the same session, the jawline may also be treated to reinforce its definition.<\/p>\n<p><strong>What about genioplasty?<\/strong>[\/vc_column_text][\/vc_column][\/vc_row][vc_row disable_element=&#8221;yes&#8221;][vc_column][vc_single_image image=&#8221;6566&#8243; img_size=&#8221;large&#8221; add_caption=&#8221;yes&#8221;][\/vc_column][\/vc_row][vc_row][vc_column][vc_column_text el_class=&#8221;text-block&#8221;]<img decoding=\"async\" class=\"alignright size-full wp-image-4394\" src=\"https:\/\/www.benouaiche.com\/wp-content\/uploads\/2019\/06\/dr-benouaiche-300.png\" alt=\"Dr Benouaiche\" width=\"300\" height=\"300\" srcset=\"https:\/\/www.benouaiche.com\/wp-content\/uploads\/2019\/06\/dr-benouaiche-300.png 300w, https:\/\/www.benouaiche.com\/wp-content\/uploads\/2019\/06\/dr-benouaiche-300-150x150.png 150w\" sizes=\"(max-width: 300px) 100vw, 300px\" \/><\/p>\n<h3>Juv\u00e9derm\u00ae VOLUX\u00ae for the chin<\/h3>\n<p>Since its introduction during Spring 2019, Juv\u00e9derm\u00ae VOLUX\u00ae has given us a dense and volumizing hyaluronic acid product that\u2019s ideal for chin projection and reshaping face oval. This product has its very place in a profileplasty protocol. The treatment takes 30 minutes tops and the results are astonishing. I have had the opportunity to inject this product since 2014 as a part of a clinical study, and could observe that the results remained stable during 2 years. The findings of this study were presented at the AMWC 2019 in Monaco.<br \/>\n[\/vc_column_text][\/vc_column][\/vc_row][vc_row full_width=&#8221;stretch_row_content_no_spaces&#8221;][vc_column width=&#8221;1\/2&#8243;][vc_column_text el_class=&#8221;deep-page deep-page__heading&#8221;]<\/p>\n<h3>For women<\/h3>\n<p>For female patients, we\u2019ll want to define<strong> the face contours (oval and chin)<\/strong> and make a distinction between the face and the neck. Treatment of face and neck sagging will get better. Medical lifting with hyaluronic acid is now possible. Of course, we have resorbable and non-resorbable tensor threads already to help lift tissues of the face and neck, but all of these treatments can be alternate or combined to rejuvenate and embellish the patient\u2019s face for many years.<\/p>\n<p>For those who have gained weight or have a <strong>double chin<\/strong> like other members of their families, they can get rid of these with Cryolipolysis or liposuction.[\/vc_column_text][\/vc_column][vc_column width=&#8221;1\/2&#8243;][vc_column_text el_class=&#8221;deep-page deep-page__heading&#8221;]<\/p>\n<h3>For men<\/h3>\n<p>Men will have their masculine features enhanced with Juv\u00e9derm\u00ae VOLUX\u00ae. It will help create a square shape to the chin and well-defined jaw angles. Today, there is a growing demand for hyaluronic acid injections in men to embody their professional roles in the workplace.<br \/>\n[\/vc_column_text][\/vc_column][\/vc_row][vc_row][vc_column][vc_separator][\/vc_column][\/vc_row][vc_row full_width=&#8221;stretch_row_content_no_spaces&#8221; el_class=&#8221;deep-page deep-page__heading&#8221;][vc_column][vc_column_text]<\/p>\n<h2>To know more<\/h2>\n<p>[\/vc_column_text][vc_column_text]If you want to know more about the multiple options offered by aesthetic medicine for facial treatments, you\u2019ll find below links to comprehensive articles about the current embellishment techniques.[\/vc_column_text][vc_row_inner el_class=&#8221;row-vc_column&#8221;][vc_column_inner width=&#8221;1\/3&#8243;][vc_column_text]<\/p>\n<h3>Hyaluronic acid<\/h3>\n<p>[\/vc_column_text][vc_single_image image=&#8221;3174&#8243; img_size=&#8221;medium&#8221; onclick=&#8221;custom_link&#8221; el_class=&#8221;image-have-caption image-have-caption__full&#8221; link=&#8221;https:\/\/www.benouaiche.com\/en\/aesthetic-medicine\/hyaluronic-acid\/&#8221;][\/vc_column_inner][vc_column_inner width=&#8221;1\/3&#8243;][vc_column_text]<\/p>\n<h3>Tensor threads<\/h3>\n<p>[\/vc_column_text][vc_single_image image=&#8221;3178&#8243; img_size=&#8221;medium&#8221; onclick=&#8221;custom_link&#8221; el_class=&#8221;image-have-caption image-have-caption__full&#8221; link=&#8221;https:\/\/www.benouaiche.com\/en\/aesthetic-medicine\/tensor-threads\/&#8221;][\/vc_column_inner][vc_column_inner width=&#8221;1\/3&#8243;][vc_column_text]<\/p>\n<h3>MD Codes<\/h3>\n<p>[\/vc_column_text][vc_single_image image=&#8221;3705&#8243; img_size=&#8221;medium&#8221; onclick=&#8221;custom_link&#8221; el_class=&#8221;image-have-caption image-have-caption__full&#8221; link=&#8221;https:\/\/www.benouaiche.com\/en\/aesthetic-medicine\/hyaluronic-acid\/md-codes\/&#8221;][\/vc_column_inner][\/vc_row_inner][\/vc_column][\/vc_row]<\/p>\n<\/section>","protected":false},"excerpt":{"rendered":"<p>[vc_row full_width=&#8221;stretch_row_content_no_spaces&#8221; el_class=&#8221;header__2col&#8221;][vc_column width=&#8221;1\/2&#8243; el_class=&#8221;gray-background&#8221;][vc_single_image image=&#8221;6574&#8243; img_size=&#8221;full&#8221; add_caption=&#8221;yes&#8221; el_class=&#8221;image-have-caption image-have-caption__full&#8221;][\/vc_column][vc_column width=&#8221;1\/2&#8243;][vc_column_text el_class=&#8221;heading&#8221;] MEDICAL PROFILEPLASTY Once exclusive to surgery, it is now possible to correct the profile of a face using hyaluronic acid injections. In a few minutes, the results are visible and your profile becomes more graceful. We all know that feeling when we check [&hellip;]<\/p>\n","protected":false},"author":2,"featured_media":6575,"parent":6730,"menu_order":0,"comment_status":"open","ping_status":"open","template":"template-internal-page-sidebar.php","meta":{"_acf_changed":false,"footnotes":""},"class_list":["post-6960","page","type-page","status-publish","hentry"],"acf":[],"yoast_head":"<!-- This site is optimized with the Yoast SEO plugin v27.3 - https:\/\/yoast.com\/product\/yoast-seo-wordpress\/ -->\n<title>Profileplasty: injections aiming for a softer profile - Dr Benouaiche - Paris<\/title>\n<meta name=\"description\" content=\"Medical profileplasty is a correction of the face, forehead, nose, lips and chin using hyaluronic acid injection techniques.\" \/>\n<meta name=\"robots\" content=\"index, follow, max-snippet:-1, max-image-preview:large, max-video-preview:-1\" \/>\n<link rel=\"canonical\" href=\"https:\/\/www.benouaiche.com\/en\/aesthetic-medicine\/hyaluronic-acid\/medical-profileplasty\/\" \/>\n<meta property=\"og:locale\" content=\"en_US\" \/>\n<meta property=\"og:type\" content=\"article\" \/>\n<meta property=\"og:title\" content=\"Profiloplastie m\u00e9dicale\" \/>\n<meta property=\"og:description\" content=\"Corriger le profil du visage gr\u00e2ce \u00e0 l\u2019acide hyaluronique.\" \/>\n<meta property=\"og:url\" content=\"https:\/\/www.benouaiche.com\/en\/aesthetic-medicine\/hyaluronic-acid\/medical-profileplasty\/\" \/>\n<meta property=\"og:site_name\" content=\"Dr Benouaiche\" \/>\n<meta property=\"article:publisher\" content=\"https:\/\/www.facebook.com\/pages\/Dr-Laurence-Benouaiche\/170973249631393\" \/>\n<meta property=\"article:modified_time\" content=\"2025-04-15T15:49:25+00:00\" \/>\n<meta property=\"og:image\" content=\"https:\/\/www.benouaiche.com\/wp-content\/uploads\/2019\/06\/profiloplastie-medicale-paris.jpg\" \/>\n\t<meta property=\"og:image:width\" content=\"1024\" \/>\n\t<meta property=\"og:image:height\" content=\"640\" \/>\n\t<meta property=\"og:image:type\" content=\"image\/jpeg\" \/>\n<meta name=\"twitter:card\" content=\"summary_large_image\" \/>\n<meta name=\"twitter:title\" content=\"Profiloplastie m\u00e9dicale\" \/>\n<meta name=\"twitter:description\" content=\"Corriger le profil du visage gr\u00e2ce \u00e0 l\u2019acide hyaluronique.\" \/>\n<meta name=\"twitter:image\" content=\"https:\/\/www.benouaiche.com\/wp-content\/uploads\/2019\/06\/profiloplastie-medicale-paris.jpg\" \/>\n<meta name=\"twitter:label1\" content=\"Est. reading time\" \/>\n\t<meta name=\"twitter:data1\" content=\"6 minutes\" \/>\n<!-- \/ Yoast SEO plugin. -->","yoast_head_json":{"title":"Profileplasty: injections aiming for a softer profile - Dr Benouaiche - Paris","description":"Medical profileplasty is a correction of the face, forehead, nose, lips and chin using hyaluronic acid injection techniques.","robots":{"index":"index","follow":"follow","max-snippet":"max-snippet:-1","max-image-preview":"max-image-preview:large","max-video-preview":"max-video-preview:-1"},"canonical":"https:\/\/www.benouaiche.com\/en\/aesthetic-medicine\/hyaluronic-acid\/medical-profileplasty\/","og_locale":"en_US","og_type":"article","og_title":"Profiloplastie m\u00e9dicale","og_description":"Corriger le profil du visage gr\u00e2ce \u00e0 l\u2019acide hyaluronique.","og_url":"https:\/\/www.benouaiche.com\/en\/aesthetic-medicine\/hyaluronic-acid\/medical-profileplasty\/","og_site_name":"Dr Benouaiche","article_publisher":"https:\/\/www.facebook.com\/pages\/Dr-Laurence-Benouaiche\/170973249631393","article_modified_time":"2025-04-15T15:49:25+00:00","og_image":[{"width":1024,"height":640,"url":"https:\/\/www.benouaiche.com\/wp-content\/uploads\/2019\/06\/profiloplastie-medicale-paris.jpg","type":"image\/jpeg"}],"twitter_card":"summary_large_image","twitter_title":"Profiloplastie m\u00e9dicale","twitter_description":"Corriger le profil du visage gr\u00e2ce \u00e0 l\u2019acide hyaluronique.","twitter_image":"https:\/\/www.benouaiche.com\/wp-content\/uploads\/2019\/06\/profiloplastie-medicale-paris.jpg","twitter_misc":{"Est. reading time":"6 minutes"},"schema":{"@context":"https:\/\/schema.org","@graph":[{"@type":"WebPage","@id":"https:\/\/www.benouaiche.com\/en\/aesthetic-medicine\/hyaluronic-acid\/medical-profileplasty\/","url":"https:\/\/www.benouaiche.com\/en\/aesthetic-medicine\/hyaluronic-acid\/medical-profileplasty\/","name":"Profileplasty: injections aiming for a softer profile - Dr Benouaiche - Paris","isPartOf":{"@id":"https:\/\/www.benouaiche.com\/en\/#website"},"primaryImageOfPage":{"@id":"https:\/\/www.benouaiche.com\/en\/aesthetic-medicine\/hyaluronic-acid\/medical-profileplasty\/#primaryimage"},"image":{"@id":"https:\/\/www.benouaiche.com\/en\/aesthetic-medicine\/hyaluronic-acid\/medical-profileplasty\/#primaryimage"},"thumbnailUrl":"https:\/\/www.benouaiche.com\/wp-content\/uploads\/2019\/06\/profiloplastie-medicale-paris.jpg","datePublished":"2019-06-04T15:24:55+00:00","dateModified":"2025-04-15T15:49:25+00:00","description":"Medical profileplasty is a correction of the face, forehead, nose, lips and chin using hyaluronic acid injection techniques.","breadcrumb":{"@id":"https:\/\/www.benouaiche.com\/en\/aesthetic-medicine\/hyaluronic-acid\/medical-profileplasty\/#breadcrumb"},"inLanguage":"en-US","potentialAction":[{"@type":"ReadAction","target":["https:\/\/www.benouaiche.com\/en\/aesthetic-medicine\/hyaluronic-acid\/medical-profileplasty\/"]}]},{"@type":"ImageObject","inLanguage":"en-US","@id":"https:\/\/www.benouaiche.com\/en\/aesthetic-medicine\/hyaluronic-acid\/medical-profileplasty\/#primaryimage","url":"https:\/\/www.benouaiche.com\/wp-content\/uploads\/2019\/06\/profiloplastie-medicale-paris.jpg","contentUrl":"https:\/\/www.benouaiche.com\/wp-content\/uploads\/2019\/06\/profiloplastie-medicale-paris.jpg","width":1024,"height":640},{"@type":"BreadcrumbList","@id":"https:\/\/www.benouaiche.com\/en\/aesthetic-medicine\/hyaluronic-acid\/medical-profileplasty\/#breadcrumb","itemListElement":[{"@type":"ListItem","position":1,"name":"Home","item":"https:\/\/www.benouaiche.com\/en\/"},{"@type":"ListItem","position":2,"name":"Aesthetic medecine","item":"https:\/\/www.benouaiche.com\/en\/aesthetic-medicine\/"},{"@type":"ListItem","position":3,"name":"Hyaluronic acid injections","item":"https:\/\/www.benouaiche.com\/en\/aesthetic-medicine\/hyaluronic-acid\/"},{"@type":"ListItem","position":4,"name":"Medical Profileplasty"}]},{"@type":"WebSite","@id":"https:\/\/www.benouaiche.com\/en\/#website","url":"https:\/\/www.benouaiche.com\/en\/","name":"Dr Benouaiche","description":"Chirurgien esth\u00e9tique","publisher":{"@id":"https:\/\/www.benouaiche.com\/en\/#organization"},"alternateName":"DLB","potentialAction":[{"@type":"SearchAction","target":{"@type":"EntryPoint","urlTemplate":"https:\/\/www.benouaiche.com\/en\/?s={search_term_string}"},"query-input":{"@type":"PropertyValueSpecification","valueRequired":true,"valueName":"search_term_string"}}],"inLanguage":"en-US"},{"@type":"Organization","@id":"https:\/\/www.benouaiche.com\/en\/#organization","name":"Dr Laurence Benouaiche","alternateName":"DLB","url":"https:\/\/www.benouaiche.com\/en\/","logo":{"@type":"ImageObject","inLanguage":"en-US","@id":"https:\/\/www.benouaiche.com\/en\/#\/schema\/logo\/image\/","url":"https:\/\/www.benouaiche.com\/wp-content\/uploads\/2022\/01\/logo-dr-laurence-benouaiche.png","contentUrl":"https:\/\/www.benouaiche.com\/wp-content\/uploads\/2022\/01\/logo-dr-laurence-benouaiche.png","width":486,"height":486,"caption":"Dr Laurence Benouaiche"},"image":{"@id":"https:\/\/www.benouaiche.com\/en\/#\/schema\/logo\/image\/"},"sameAs":["https:\/\/www.facebook.com\/pages\/Dr-Laurence-Benouaiche\/170973249631393","https:\/\/www.youtube.com\/channel\/UCm4WDYujdFmTwaiJypZgGpQ\/videos","https:\/\/www.instagram.com\/drlaurencebenouaiche\/","https:\/\/fr.linkedin.com\/in\/laurence-benouaiche-09766631"]}]}},"_links":{"self":[{"href":"https:\/\/www.benouaiche.com\/en\/wp-json\/wp\/v2\/pages\/6960","targetHints":{"allow":["GET"]}}],"collection":[{"href":"https:\/\/www.benouaiche.com\/en\/wp-json\/wp\/v2\/pages"}],"about":[{"href":"https:\/\/www.benouaiche.com\/en\/wp-json\/wp\/v2\/types\/page"}],"author":[{"embeddable":true,"href":"https:\/\/www.benouaiche.com\/en\/wp-json\/wp\/v2\/users\/2"}],"replies":[{"embeddable":true,"href":"https:\/\/www.benouaiche.com\/en\/wp-json\/wp\/v2\/comments?post=6960"}],"version-history":[{"count":4,"href":"https:\/\/www.benouaiche.com\/en\/wp-json\/wp\/v2\/pages\/6960\/revisions"}],"predecessor-version":[{"id":8298,"href":"https:\/\/www.benouaiche.com\/en\/wp-json\/wp\/v2\/pages\/6960\/revisions\/8298"}],"up":[{"embeddable":true,"href":"https:\/\/www.benouaiche.com\/en\/wp-json\/wp\/v2\/pages\/6730"}],"wp:featuredmedia":[{"embeddable":true,"href":"https:\/\/www.benouaiche.com\/en\/wp-json\/wp\/v2\/media\/6575"}],"wp:attachment":[{"href":"https:\/\/www.benouaiche.com\/en\/wp-json\/wp\/v2\/media?parent=6960"}],"curies":[{"name":"wp","href":"https:\/\/api.w.org\/{rel}","templated":true}]}}